{"id":942,"date":"2023-07-30T23:03:43","date_gmt":"2023-07-30T21:03:43","guid":{"rendered":"https:\/\/kistemplom.dedipage.hu\/?page_id=942"},"modified":"2026-02-24T11:54:14","modified_gmt":"2026-02-24T10:54:14","slug":"gyulekezeti-szolgaltatasok","status":"publish","type":"page","link":"https:\/\/kistemplom.hu\/index.php\/gyulekezeti-szolgaltatasok\/","title":{"rendered":"Gy\u00fclekezeti szolg\u00e1ltat\u00e1sok"},"content":{"rendered":"<div data-colibri-id=\"942-c1\" class=\"style-1253 style-local-942-c1 position-relative\">\n  <!---->\n  <div data-colibri-component=\"section\" data-colibri-id=\"942-c56\" id=\"overlappable\" class=\"h-section h-section-global-spacing d-flex align-items-lg-center align-items-md-center align-items-center style-1297 style-local-942-c56 position-relative\">\n    <!---->\n    <!---->\n    <div class=\"h-section-grid-container h-section-boxed-container\">\n      <!---->\n      <div data-colibri-id=\"942-c57\" class=\"h-row-container gutters-row-lg-0 gutters-row-md-0 gutters-row-0 gutters-row-v-lg-0 gutters-row-v-md-0 gutters-row-v-0 style-1298 style-local-942-c57 position-relative\">\n        <!---->\n        <div class=\"h-row justify-content-lg-center justify-content-md-center justify-content-center align-items-lg-stretch align-items-md-stretch align-items-stretch gutters-col-lg-0 gutters-col-md-0 gutters-col-0 gutters-col-v-lg-0 gutters-col-v-md-0 gutters-col-v-0\">\n          <!---->\n          <div class=\"h-column h-column-container d-flex h-col-lg-auto h-col-md-auto h-col-auto style-1299-outer style-local-942-c58-outer\">\n            <div data-colibri-id=\"942-c58\" class=\"d-flex h-flex-basis h-column__inner h-ui-empty-state-container h-px-lg-0 h-px-md-0 h-px-0 v-inner-lg-0 v-inner-md-0 v-inner-0 style-1299 style-local-942-c58 position-relative\">\n              <!---->\n              <!---->\n              <div class=\"w-100 h-y-container h-column__content h-column__v-align flex-basis-100\">\n                <!---->\n              <\/div>\n            <\/div>\n          <\/div>\n          <div class=\"h-column h-column-container d-flex h-col-lg-auto h-col-md-auto h-col-auto style-1300-outer style-local-942-c59-outer\">\n            <div data-colibri-id=\"942-c59\" class=\"d-flex h-flex-basis h-column__inner h-px-lg-2 h-px-md-2 h-px-2 v-inner-lg-2 v-inner-md-2 v-inner-2 style-1300 style-local-942-c59 position-relative\">\n              <!---->\n              <!---->\n              <div class=\"w-100 h-y-container h-column__content h-column__v-align flex-basis-100 align-self-lg-center align-self-md-center align-self-center\">\n                <!---->\n                <div data-colibri-id=\"942-c60\" class=\"h-global-transition-all h-heading style-1301 style-local-942-c60 position-relative h-element\">\n                  <!---->\n                  <div class=\"h-heading__outer style-1301 style-local-942-c60\">\n                    <!---->\n                    <!---->\n                    <h4 class=\"\">Kereszts\u00e9g<\/h4>\n                  <\/div>\n                <\/div>\n                <div data-colibri-id=\"942-c61\" class=\"h-text h-text-component style-1302 style-local-942-c61 position-relative h-element\">\n                  <!---->\n                  <!---->\n                  <div class=\"\">\n                    <p>A kereszts\u00e9g a J\u00e9zus Krisztus Anyaszentegyh\u00e1z\u00e1ba val\u00f3 befogad\u00e1snak az alkalma. Kifejez\u0151dik benne Krisztus szeretete, miszerint az embert k\u00f6z\u00f6ss\u00e9g\u00e9be befogadja \u00e9s terheit, k\u00fczdelmeit, eg\u00e9sz \u00e9let\u00e9t mag\u00e1ra veszi \u00e9s hordozza, vele sz\u00f6vets\u00e9get\n                      k\u00f6t. Ennek f\u00fcggv\u00e9ny\u00e9ben jele annak is, hogy J\u00e9zus Krisztusban az ember k\u00e9pes a meg\u00fajul\u00e1sra, az isteni elfogad\u00f3 szeretet tov\u00e1bbad\u00e1s\u00e1ra. Jelenti azt is, hogy Krisztus a gyermeket vagy a feln\u0151ttet Isten k\u00f6vet\u00e9s\u00e9re elh\u00edvta.<\/p>\n                    <p>\n                      <br>\n                    <\/p>\n                  <\/div>\n                <\/div>\n              <\/div>\n            <\/div>\n          <\/div>\n          <div class=\"h-column h-column-container d-flex h-col-lg-auto h-col-md-auto h-col-auto style-1300-outer style-local-942-c64-outer\">\n            <div data-colibri-id=\"942-c64\" class=\"d-flex h-flex-basis h-column__inner h-px-lg-2 h-px-md-2 h-px-2 v-inner-lg-2 v-inner-md-2 v-inner-2 style-1300 style-local-942-c64 position-relative\">\n              <!---->\n              <!---->\n              <div class=\"w-100 h-y-container h-column__content h-column__v-align flex-basis-100 align-self-lg-center align-self-md-center align-self-center\">\n                <!---->\n                <div data-colibri-id=\"942-c65\" class=\"h-global-transition-all h-heading style-1301 style-local-942-c65 position-relative h-element\">\n                  <!---->\n                  <div class=\"h-heading__outer style-1301 style-local-942-c65\">\n                    <!---->\n                    <!---->\n                    <h4 class=\"\">Mi a teend\u0151?<\/h4>\n                  <\/div>\n                <\/div>\n                <div data-colibri-id=\"942-c66\" class=\"h-text h-text-component style-1302 style-local-942-c66 position-relative h-element\">\n                  <!---->\n                  <!---->\n                  <div class=\"\">\n                    <h5><strong style=\"font-family: &quot;Open Sans&quot;;\">Gyermek kereszts\u00e9g eset\u00e9n:<\/strong><\/h5>\n                    <ul>\n                      <li>A keresztel\u00e9si sz\u00e1nd\u00e9k bejelent\u00e9se a lelk\u00e9szi hivatalban (R\u00e9v\u00e9sz t\u00e9r2) legal\u00e1bb 30 nappal a keresztel\u00e9s tervezett id\u0151pontja el\u0151tt (szem\u00e9lyesen, telefonon vagy emailben).<\/li>\n                      <li>Egy el\u0151k\u00e9sz\u00edt\u0151 tal\u00e1lkoz\u00e1son val\u00f3 r\u00e9szv\u00e9tel a keresztel\u0151 lelk\u00e9sszel egyeztetett id\u0151pontban.<\/li>\n                    <\/ul>\n                    <p><span style=\"font-weight: 600;\">Itt a k\u00f6vetkez\u0151 t\u00f6rt\u00e9nik:<\/span><\/p>\n                    <ul>\n                      <li>Anyak\u00f6nyvi adatok felv\u00e9tele.<\/li>\n                      <li>Kereszts\u00e9gr\u0151l sz\u00f3l\u00f3 r\u00f6vid tan\u00edt\u00e1s.<\/li>\n                      <li>Csal\u00e1ddal, gyermekkel t\u00f6rt\u00e9n\u0151 megismerked\u00e9s.<\/li>\n                      <li>Gyakorlati dolgok ismertet\u00e9se. (Hov\u00e1 kell \u00fclni a templomban stb.)<\/li>\n                    <\/ul>\n                    <h5><strong style=\"font-family: &quot;Open Sans&quot;;\">A gyermek kereszts\u00e9g kiszolg\u00e1ltat\u00e1s\u00e1nak felt\u00e9telei:<\/strong><\/h5>\n                    <ul>\n                      <li>A sz\u00fcl\u0151k k\u00f6z\u00fcl az egyik, a keresztsz\u00fcl\u0151k k\u00f6z\u00fcl pedig mindkett\u0151 legyen megkeresztelve.<\/li>\n                      <li>Lehet\u0151s\u00e9g van arra, hogy a gyermekkel p\u00e1rhuzamosan a sz\u00fcl\u0151k \u00e9s a keresztsz\u00fcl\u0151k is megkeresztelkedjenek.<\/li>\n                      <li>Nem felt\u00e9tel, hogy a gyermeknek keresztsz\u00fclei legyenek.<\/li>\n                    <\/ul>\n                    <h5><strong>Feln\u0151tt kereszts\u00e9g:<\/strong><\/h5>\n                    <h5><strong>Mi a teend\u0151?<\/strong><\/h5>\n                    <ul>\n                      <li>Kapcsolatfelv\u00e9tel a lelk\u00e9szi hivatallal, lelk\u00e9sszel, sz\u00e1nd\u00e9k bejelent\u00e9se (R\u00e9v\u00e9sz t\u00e9r 2).<\/li>\n                      <li>El\u0151k\u00e9sz\u00edt\u0151 alkalmak egyeztet\u00e9se<\/li>\n                    <\/ul>\n                    <h5><strong>A feln\u0151tt kereszts\u00e9g kiszolg\u00e1ltat\u00e1s\u00e1nak felt\u00e9telei:<\/strong><\/h5>\n                    <ul>\n                      <li>Minimum bet\u00f6lt\u00f6tt 18. \u00e9let\u00e9v<\/li>\n                      <li>R\u00e9szv\u00e9tel az el\u0151k\u00e9sz\u00edt\u0151 alkalmakon<\/li>\n                      <li>Konfirm\u00e1ci\u00f3s fogadalomt\u00e9tel<\/li>\n                    <\/ul>\n                    <p>\n                      <br>\n                    <\/p>\n                  <\/div>\n                <\/div>\n              <\/div>\n            <\/div>\n          <\/div>\n        <\/div>\n      <\/div>\n    <\/div>\n  <\/div>\n<\/div>","protected":false},"excerpt":{"rendered":"<p>Kereszts\u00e9g A kereszts\u00e9g a J\u00e9zus Krisztus Anyaszentegyh\u00e1z\u00e1ba val\u00f3 befogad\u00e1snak az alkalma. Kifejez\u0151dik benne Krisztus szeretete, miszerint az embert k\u00f6z\u00f6ss\u00e9g\u00e9be befogadja \u00e9s terheit, k\u00fczdelmeit, eg\u00e9sz \u00e9let\u00e9t mag\u00e1ra veszi \u00e9s hordozza, vele sz\u00f6vets\u00e9get k\u00f6t. Ennek f\u00fcggv\u00e9ny\u00e9ben jele annak is, hogy J\u00e9zus Krisztusban az ember k\u00e9pes a meg\u00fajul\u00e1sra, az isteni elfogad\u00f3 szeretet tov\u00e1bbad\u00e1s\u00e1ra. Jelenti azt is, hogy Krisztus [&hellip;]<\/p>\n","protected":false},"author":1,"featured_media":1001,"parent":0,"menu_order":0,"comment_status":"closed","ping_status":"closed","template":"page-templates\/full-width-page.php","meta":{"_eb_attr":"","ngg_post_thumbnail":0,"footnotes":""},"class_list":["post-942","page","type-page","status-publish","has-post-thumbnail","hentry"],"rttpg_featured_image_url":{"full":["https:\/\/kistemplom.hu\/wp-content\/uploads\/orgona_1860x430.jpg",1860,430,false],"landscape":["https:\/\/kistemplom.hu\/wp-content\/uploads\/orgona_1860x430.jpg",1860,430,false],"portraits":["https:\/\/kistemplom.hu\/wp-content\/uploads\/orgona_1860x430.jpg",1860,430,false],"thumbnail":["https:\/\/kistemplom.hu\/wp-content\/uploads\/orgona_1860x430-150x150.jpg",150,150,true],"medium":["https:\/\/kistemplom.hu\/wp-content\/uploads\/orgona_1860x430-300x69.jpg",300,69,true],"large":["https:\/\/kistemplom.hu\/wp-content\/uploads\/orgona_1860x430-1024x237.jpg",1024,237,true],"1536x1536":["https:\/\/kistemplom.hu\/wp-content\/uploads\/orgona_1860x430-1536x355.jpg",1536,355,true],"2048x2048":["https:\/\/kistemplom.hu\/wp-content\/uploads\/orgona_1860x430.jpg",1860,430,false]},"rttpg_author":{"display_name":"szilagyijanos","author_link":"https:\/\/kistemplom.hu\/index.php\/author\/szilagyijanos\/"},"rttpg_comment":0,"rttpg_category":null,"rttpg_excerpt":"Kereszts\u00e9g A kereszts\u00e9g a J\u00e9zus Krisztus Anyaszentegyh\u00e1z\u00e1ba val\u00f3 befogad\u00e1snak az alkalma. Kifejez\u0151dik benne Krisztus szeretete, miszerint az embert k\u00f6z\u00f6ss\u00e9g\u00e9be befogadja \u00e9s terheit, k\u00fczdelmeit, eg\u00e9sz \u00e9let\u00e9t mag\u00e1ra veszi \u00e9s hordozza, vele sz\u00f6vets\u00e9get k\u00f6t. Ennek f\u00fcggv\u00e9ny\u00e9ben jele annak is, hogy J\u00e9zus Krisztusban az ember k\u00e9pes a meg\u00fajul\u00e1sra, az isteni elfogad\u00f3 szeretet tov\u00e1bbad\u00e1s\u00e1ra. Jelenti azt is, hogy Krisztus&hellip;","_links":{"self":[{"href":"https:\/\/kistemplom.hu\/index.php\/wp-json\/wp\/v2\/pages\/942","targetHints":{"allow":["GET"]}}],"collection":[{"href":"https:\/\/kistemplom.hu\/index.php\/wp-json\/wp\/v2\/pages"}],"about":[{"href":"https:\/\/kistemplom.hu\/index.php\/wp-json\/wp\/v2\/types\/page"}],"author":[{"embeddable":true,"href":"https:\/\/kistemplom.hu\/index.php\/wp-json\/wp\/v2\/users\/1"}],"replies":[{"embeddable":true,"href":"https:\/\/kistemplom.hu\/index.php\/wp-json\/wp\/v2\/comments?post=942"}],"version-history":[{"count":2,"href":"https:\/\/kistemplom.hu\/index.php\/wp-json\/wp\/v2\/pages\/942\/revisions"}],"predecessor-version":[{"id":4348,"href":"https:\/\/kistemplom.hu\/index.php\/wp-json\/wp\/v2\/pages\/942\/revisions\/4348"}],"wp:featuredmedia":[{"embeddable":true,"href":"https:\/\/kistemplom.hu\/index.php\/wp-json\/wp\/v2\/media\/1001"}],"wp:attachment":[{"href":"https:\/\/kistemplom.hu\/index.php\/wp-json\/wp\/v2\/media?parent=942"}],"curies":[{"name":"wp","href":"https:\/\/api.w.org\/{rel}","templated":true}]}}