{"id":938,"date":"2023-07-30T23:02:53","date_gmt":"2023-07-30T21:02:53","guid":{"rendered":"https:\/\/kistemplom.dedipage.hu\/?page_id=938"},"modified":"2026-02-24T13:26:57","modified_gmt":"2026-02-24T12:26:57","slug":"istentiszteleteink","status":"publish","type":"page","link":"https:\/\/kistemplom.hu\/index.php\/egyhazkozseg\/istentiszteleteink\/","title":{"rendered":"Istentiszteleteink"},"content":{"rendered":"<div data-colibri-id=\"938-c1\" class=\"style-971 style-local-938-c1 position-relative\">\n  <!---->\n  <div data-colibri-component=\"section\" data-colibri-id=\"938-c2\" id=\"about\" class=\"h-section h-section-global-spacing d-flex align-items-lg-center align-items-md-center align-items-end style-972 style-local-938-c2 h-overflow-hidden position-relative\">\n    <div class=\"background-wrapper\">\n      <div class=\"background-layer background-layer-media-container-lg\">\n        <!---->\n        <div class=\"overlay-layer\">\n          <div class=\"overlay-image-layer\" style=\"background-image: linear-gradient(90deg, rgba(255, 255, 255, 0.5) 0%, rgb(246, 248, 250) 45%);\"><\/div>\n        <\/div>\n      <\/div>\n      <div class=\"background-layer background-layer-media-container-md\">\n        <!---->\n        <div class=\"overlay-layer\">\n          <div class=\"overlay-image-layer\" style=\"background-image: linear-gradient(90deg, rgba(255, 255, 255, 0.5) 0%, rgb(246, 248, 250) 45%);\"><\/div>\n        <\/div>\n      <\/div>\n      <div class=\"background-layer background-layer-media-container\">\n        <!---->\n        <div class=\"overlay-layer\">\n          <div class=\"overlay-image-layer\" style=\"background-image: linear-gradient(90deg, rgba(255, 255, 255, 0.5) 0%, rgb(246, 248, 250) 45%);\"><\/div>\n        <\/div>\n      <\/div>\n    <\/div>\n    <!---->\n    <div class=\"h-section-grid-container h-section-boxed-container\">\n      <!---->\n      <div data-colibri-id=\"938-c3\" class=\"h-row-container gutters-row-lg-0 gutters-row-md-0 gutters-row-2 gutters-row-v-lg-0 gutters-row-v-md-0 gutters-row-v-0 style-973 style-local-938-c3 position-relative\">\n        <!---->\n        <div class=\"h-row justify-content-lg-end justify-content-md-end justify-content-center align-items-lg-stretch align-items-md-stretch align-items-stretch gutters-col-lg-0 gutters-col-md-0 gutters-col-2 gutters-col-v-lg-0 gutters-col-v-md-0 gutters-col-v-0\">\n          <!---->\n          <div class=\"h-column h-column-container d-flex h-col-lg-auto h-col-md-auto h-col-auto style-974-outer style-local-938-c4-outer\">\n            <div data-colibri-id=\"938-c4\" class=\"d-flex h-flex-basis h-column__inner h-px-lg-2 h-px-md-2 h-px-0 v-inner-lg-2 v-inner-md-2 v-inner-0 style-974 style-local-938-c4 position-relative\">\n              <!---->\n              <!---->\n              <div class=\"w-100 h-y-container h-column__content h-column__v-align flex-basis-100 align-self-lg-end align-self-md-end align-self-end\">\n                <!---->\n                <div data-colibri-id=\"938-c5\" class=\"h-global-transition-all h-heading style-975 style-local-938-c5 position-relative h-element\">\n                  <!---->\n                  <div class=\"h-heading__outer style-975 style-local-938-c5\">\n                    <!---->\n                    <!---->\n                    <h2 class=\"\">Istentiszteletek<\/h2>\n                  <\/div>\n                <\/div>\n                <div data-colibri-id=\"938-c12\" class=\"h-text h-text-component style-1357 style-local-938-c12 position-relative h-element\">\n                  <!---->\n                  <!---->\n                  <div class=\"\">\n                    <p><span style=\"font-weight: 400; font-size: 16px; font-family: &quot;Open Sans&quot;; color: rgb(64, 85, 169);\">Vas\u00e1rnap 10:00 helysz\u00edn: templom, hideg id\u0151ben gy\u00fclekezeti terem.<\/span><\/p>\n                  <\/div>\n                <\/div>\n              <\/div>\n            <\/div>\n          <\/div>\n        <\/div>\n      <\/div>\n      <div data-colibri-id=\"938-c6\" class=\"h-row-container gutters-row-lg-2 gutters-row-md-2 gutters-row-0 gutters-row-v-lg-2 gutters-row-v-md-2 gutters-row-v-2 style-1078 style-local-938-c6 position-relative\">\n        <!---->\n        <div class=\"h-row justify-content-lg-center justify-content-md-center justify-content-center align-items-lg-stretch align-items-md-stretch align-items-stretch gutters-col-lg-2 gutters-col-md-2 gutters-col-0 gutters-col-v-lg-2 gutters-col-v-md-2 gutters-col-v-2\">\n          <!---->\n          <div class=\"h-column h-column-container d-flex h-col-lg-6 h-col-md-6 h-col-12 style-1079-outer style-local-938-c7-outer\">\n            <div data-colibri-id=\"938-c7\" class=\"d-flex h-flex-basis h-column__inner h-ui-empty-state-container h-px-lg-2 h-px-md-2 h-px-2 v-inner-lg-2 v-inner-md-2 v-inner-2 style-1079 style-local-938-c7 position-relative\">\n              <!---->\n              <!---->\n              <div class=\"w-100 h-y-container h-column__content h-column__v-align flex-basis-100\">\n                <!---->\n              <\/div>\n            <\/div>\n          <\/div>\n        <\/div>\n      <\/div>\n    <\/div>\n  <\/div>\n<\/div>","protected":false},"excerpt":{"rendered":"<p>Istentiszteletek Vas\u00e1rnap 10:00 helysz\u00edn: templom, hideg id\u0151ben gy\u00fclekezeti terem.<\/p>\n","protected":false},"author":1,"featured_media":1567,"parent":138,"menu_order":0,"comment_status":"closed","ping_status":"closed","template":"page-templates\/full-width-page.php","meta":{"_eb_attr":"","ngg_post_thumbnail":0,"footnotes":""},"class_list":["post-938","page","type-page","status-publish","has-post-thumbnail","hentry"],"rttpg_featured_image_url":{"full":["https:\/\/kistemplom.hu\/wp-content\/uploads\/Debrecen-csodai-Karolyi-Peter_05.jpeg",2048,922,false],"landscape":["https:\/\/kistemplom.hu\/wp-content\/uploads\/Debrecen-csodai-Karolyi-Peter_05.jpeg",2048,922,false],"portraits":["https:\/\/kistemplom.hu\/wp-content\/uploads\/Debrecen-csodai-Karolyi-Peter_05.jpeg",2048,922,false],"thumbnail":["https:\/\/kistemplom.hu\/wp-content\/uploads\/Debrecen-csodai-Karolyi-Peter_05-150x150.jpeg",150,150,true],"medium":["https:\/\/kistemplom.hu\/wp-content\/uploads\/Debrecen-csodai-Karolyi-Peter_05-300x135.jpeg",300,135,true],"large":["https:\/\/kistemplom.hu\/wp-content\/uploads\/Debrecen-csodai-Karolyi-Peter_05-1024x461.jpeg",1024,461,true],"1536x1536":["https:\/\/kistemplom.hu\/wp-content\/uploads\/Debrecen-csodai-Karolyi-Peter_05-1536x692.jpeg",1536,692,true],"2048x2048":["https:\/\/kistemplom.hu\/wp-content\/uploads\/Debrecen-csodai-Karolyi-Peter_05.jpeg",2048,922,false]},"rttpg_author":{"display_name":"szilagyijanos","author_link":"https:\/\/kistemplom.hu\/index.php\/author\/szilagyijanos\/"},"rttpg_comment":0,"rttpg_category":null,"rttpg_excerpt":"Istentiszteletek Vas\u00e1rnap 10:00 helysz\u00edn: templom, hideg id\u0151ben gy\u00fclekezeti terem.","_links":{"self":[{"href":"https:\/\/kistemplom.hu\/index.php\/wp-json\/wp\/v2\/pages\/938","targetHints":{"allow":["GET"]}}],"collection":[{"href":"https:\/\/kistemplom.hu\/index.php\/wp-json\/wp\/v2\/pages"}],"about":[{"href":"https:\/\/kistemplom.hu\/index.php\/wp-json\/wp\/v2\/types\/page"}],"author":[{"embeddable":true,"href":"https:\/\/kistemplom.hu\/index.php\/wp-json\/wp\/v2\/users\/1"}],"replies":[{"embeddable":true,"href":"https:\/\/kistemplom.hu\/index.php\/wp-json\/wp\/v2\/comments?post=938"}],"version-history":[{"count":20,"href":"https:\/\/kistemplom.hu\/index.php\/wp-json\/wp\/v2\/pages\/938\/revisions"}],"predecessor-version":[{"id":4462,"href":"https:\/\/kistemplom.hu\/index.php\/wp-json\/wp\/v2\/pages\/938\/revisions\/4462"}],"up":[{"embeddable":true,"href":"https:\/\/kistemplom.hu\/index.php\/wp-json\/wp\/v2\/pages\/138"}],"wp:featuredmedia":[{"embeddable":true,"href":"https:\/\/kistemplom.hu\/index.php\/wp-json\/wp\/v2\/media\/1567"}],"wp:attachment":[{"href":"https:\/\/kistemplom.hu\/index.php\/wp-json\/wp\/v2\/media?parent=938"}],"curies":[{"name":"wp","href":"https:\/\/api.w.org\/{rel}","templated":true}]}}