{"id":914,"date":"2023-07-27T23:47:51","date_gmt":"2023-07-27T21:47:51","guid":{"rendered":"https:\/\/kistemplom.dedipage.hu\/?page_id=914"},"modified":"2026-03-24T11:19:57","modified_gmt":"2026-03-24T10:19:57","slug":"hetkozi-alkalmaink","status":"publish","type":"page","link":"https:\/\/kistemplom.hu\/index.php\/egyhazkozseg\/hetkozi-alkalmaink\/","title":{"rendered":"H\u00e9tk\u00f6zi alkalmaink"},"content":{"rendered":"<div data-colibri-id=\"914-c1\" class=\"style-1080 style-local-914-c1 position-relative\">\n  <!---->\n  <div data-colibri-component=\"section\" data-colibri-id=\"914-c2\" id=\"custom\" class=\"h-section h-section-global-spacing d-flex align-items-lg-center align-items-md-center align-items-center style-1081 style-local-914-c2 position-relative\">\n    <!---->\n    <!---->\n    <div class=\"h-section-grid-container h-section-boxed-container\">\n      <!---->\n      <div data-colibri-id=\"914-c3\" class=\"h-row-container gutters-row-lg-2 gutters-row-md-2 gutters-row-0 gutters-row-v-lg-2 gutters-row-v-md-2 gutters-row-v-2 style-1082 style-local-914-c3 position-relative\">\n        <!---->\n        <div class=\"h-row justify-content-lg-center justify-content-md-center justify-content-center align-items-lg-stretch align-items-md-stretch align-items-stretch gutters-col-lg-2 gutters-col-md-2 gutters-col-0 gutters-col-v-lg-2 gutters-col-v-md-2 gutters-col-v-2\">\n          <!---->\n          <div class=\"h-column h-column-container d-flex h-col-lg-auto h-col-md-auto h-col-auto style-1083-outer style-local-914-c4-outer\">\n            <div data-colibri-id=\"914-c4\" class=\"d-flex h-flex-basis h-column__inner h-ui-empty-state-container h-px-lg-2 h-px-md-2 h-px-2 v-inner-lg-2 v-inner-md-2 v-inner-2 style-1083 style-local-914-c4 position-relative\">\n              <!---->\n              <!---->\n              <div class=\"w-100 h-y-container h-column__content h-column__v-align flex-basis-100\">\n                <!---->\n              <\/div>\n            <\/div>\n          <\/div>\n        <\/div>\n      <\/div>\n    <\/div>\n  <\/div>\n  <div data-colibri-component=\"section\" data-colibri-id=\"914-c5\" id=\"content\" class=\"h-section h-section-global-spacing d-flex align-items-lg-center align-items-md-center align-items-center style-1084 style-local-914-c5 position-relative\">\n    <!---->\n    <!---->\n    <div class=\"h-section-grid-container h-section-fluid-container\">\n      <!---->\n      <div data-colibri-id=\"914-c6\" class=\"h-row-container gutters-row-lg-0 gutters-row-md-0 gutters-row-0 gutters-row-v-lg-0 gutters-row-v-md-0 gutters-row-v-0 style-1085 style-local-914-c6 position-relative\">\n        <!---->\n        <div class=\"h-row justify-content-lg-center justify-content-md-center justify-content-center align-items-lg-stretch align-items-md-stretch align-items-stretch gutters-col-lg-0 gutters-col-md-0 gutters-col-0 gutters-col-v-lg-0 gutters-col-v-md-0 gutters-col-v-0\">\n          <!---->\n          <div class=\"h-column h-column-container d-flex h-col-lg-auto h-col-md-auto h-col-auto style-1086-outer style-local-914-c7-outer\">\n            <div data-colibri-id=\"914-c7\" class=\"d-flex h-flex-basis h-column__inner h-ui-empty-state-container h-px-lg-0 h-px-md-0 h-px-0 v-inner-lg-0 v-inner-md-0 v-inner-0 style-1086 style-local-914-c7 position-relative\">\n              <!---->\n              <!---->\n              <div class=\"w-100 h-y-container h-column__content h-column__v-align flex-basis-100\">\n                <!---->\n              <\/div>\n            <\/div>\n          <\/div>\n          <div class=\"h-column h-column-container d-flex h-col-lg-auto h-col-md-auto h-col-auto style-1087-outer style-local-914-c8-outer\">\n            <div data-colibri-id=\"914-c8\" class=\"d-flex h-flex-basis h-column__inner h-px-lg-0 h-px-md-0 h-px-0 v-inner-lg-0 v-inner-md-0 v-inner-0 style-1087 style-local-914-c8 position-relative\">\n              <!---->\n              <!---->\n              <div class=\"w-100 h-y-container h-column__content h-column__v-align flex-basis-100 align-self-lg-center align-self-md-center align-self-center\">\n                <!---->\n                <div data-colibri-id=\"914-c9\" class=\"h-row-container gutters-row-lg-0 gutters-row-md-0 gutters-row-0 gutters-row-v-lg-0 gutters-row-v-md-0 gutters-row-v-0 style-1088 style-local-914-c9 position-relative\">\n                  <!---->\n                  <div class=\"h-row justify-content-lg-center justify-content-md-center justify-content-center align-items-lg-stretch align-items-md-stretch align-items-stretch gutters-col-lg-0 gutters-col-md-0 gutters-col-0 gutters-col-v-lg-0 gutters-col-v-md-0 gutters-col-v-0\">\n                    <!---->\n                    <div class=\"h-column h-column-container d-flex h-col-lg-auto h-col-md-auto h-col-auto style-1089-outer style-local-914-c10-outer\">\n                      <div data-colibri-id=\"914-c10\" class=\"d-flex h-flex-basis h-column__inner h-ui-empty-state-container h-px-lg-0 h-px-md-0 h-px-0 v-inner-lg-0 v-inner-md-0 v-inner-0 style-1089 style-local-914-c10 position-relative\">\n                        <!---->\n                        <!---->\n                        <div class=\"w-100 h-y-container h-column__content h-column__v-align flex-basis-auto\">\n                          <!---->\n                        <\/div>\n                      <\/div>\n                    <\/div>\n                    <div class=\"h-column h-column-container d-flex h-col-lg h-col-md h-col-auto style-1091-outer style-local-914-c11-outer\">\n                      <div data-colibri-id=\"914-c11\" class=\"d-flex h-flex-basis h-column__inner h-px-lg-0 h-px-md-0 h-px-0 v-inner-lg-0 v-inner-md-0 v-inner-0 style-1091 style-local-914-c11 position-relative\">\n                        <!---->\n                        <!---->\n                        <div class=\"w-100 h-y-container h-column__content h-column__v-align flex-basis-100 align-self-lg-center align-self-md-center align-self-center\">\n                          <!---->\n                          <div data-colibri-id=\"914-c12\" class=\"h-global-transition-all h-heading style-1092 style-local-914-c12 position-relative h-element\">\n                            <!---->\n                            <div class=\"h-heading__outer style-1092 style-local-914-c12\">\n                              <!---->\n                              <!---->\n                              <h2 class=\"\">Alkalmaink<\/h2>\n                            <\/div>\n                          <\/div>\n                          <div data-colibri-id=\"914-c13\" class=\"h-lead h-text h-text-component style-1093 style-local-914-c13 position-relative h-element\">\n                            <!---->\n                            <!---->\n                            <div class=\"\">\n                              <p>H\u00e9tf\u0151-szerda:<\/p>\n                              <p>8:30 \u2013 9:00: Reggeli \u00e1h\u00edtat, helysz\u00edn: bibliak\u00f6r\u00f6s terem (Dr. Porkol\u00e1b Andr\u00e1s)<\/p>\n                              <p>H\u00e9tf\u0151-cs\u00fct\u00f6rt\u00f6k:<\/p>\n                              <p>11:30 \u2013 12:00: D\u00e9li \u00e1h\u00edtat, helysz\u00edn: gy\u00fclekezeti terem (az Egyh\u00e1zk\u00f6zs\u00e9g lelk\u00e9szei)<\/p>\n                              <p>H\u00e9tf\u0151:<\/p>\n                              <p>18:00 \u2013 Fiatal n\u0151k klubja, helysz\u00edn: ifj\u00fas\u00e1gi m\u0171hely (Tam\u00e1s-Birinyi Lilla)<\/p>\n                              <p>Kedd:<\/p>\n                              <p>14:00 \u2013 Nyugd\u00edjas bibliak\u00f6r, helysz\u00edn: bibliak\u00f6r\u00f6s terem (Zsoldos Tibor)<\/p>\n                              <p>Szerda:<\/p>\n                              <p>17:00 \u2013 K\u00f6z\u00e9pkor\u00faak bibliak\u00f6re, helysz\u00edn: bibliak\u00f6r\u00f6s terem (Dr. Porkol\u00e1b Andr\u00e1s)<\/p>\n                              <p>16:00 \u2013 \u00d6tvenesek bibliak\u00f6re, helysz\u00edn: bibliak\u00f6r\u00f6s terem (Hadh\u00e1zi Judit)<\/p>\n                              <p>Cs\u00fct\u00f6rt\u00f6k:<\/p>\n                              <p>10:00 \u2013 Istentisztelet a nappali klubban, helysz\u00edn: gy\u00fclekezeti terem (az Egyh\u00e1zk\u00f6zs\u00e9g lelk\u00e9szei)<\/p>\n                              <p>15:00 \u2013 Konfirm\u00e1ci\u00f3 el\u0151k\u00e9sz\u00edt\u0151, helysz\u00edn: ifj\u00fas\u00e1gi terem (Zsoldos Tibor, Tam\u00e1s-Birinyi Lilla)<\/p>\n                              <p>14:00 \u2013 Olvassuk egy\u00fctt a Jelen\u00e9sek k\u00f6nyv\u00e9t, helysz\u00edn: bibliak\u00f6r\u00f6s terem (Dr. Porkol\u00e1b Andr\u00e1s)<\/p>\n                              <p>\n                                <br>\n                              <\/p>\n                            <\/div>\n                          <\/div>\n                        <\/div>\n                      <\/div>\n                    <\/div>\n                    <div class=\"h-column h-column-container d-flex h-col-lg-auto h-col-md-auto h-col-auto style-1094-outer style-local-914-c14-outer\">\n                      <div data-colibri-id=\"914-c14\" class=\"d-flex h-flex-basis h-column__inner h-ui-empty-state-container h-px-lg-0 h-px-md-0 h-px-0 v-inner-lg-0 v-inner-md-0 v-inner-0 style-1094 style-local-914-c14 position-relative\">\n                        <!---->\n                        <!---->\n                        <div class=\"w-100 h-y-container h-column__content h-column__v-align flex-basis-auto\">\n                          <!---->\n                        <\/div>\n                      <\/div>\n                    <\/div>\n                  <\/div>\n                <\/div>\n              <\/div>\n            <\/div>\n          <\/div>\n        <\/div>\n      <\/div>\n    <\/div>\n  <\/div>\n<\/div>","protected":false},"excerpt":{"rendered":"<p>Alkalmaink H\u00e9tf\u0151-szerda: 8:30 \u2013 9:00: Reggeli \u00e1h\u00edtat, helysz\u00edn: bibliak\u00f6r\u00f6s terem (Dr. Porkol\u00e1b Andr\u00e1s) H\u00e9tf\u0151-cs\u00fct\u00f6rt\u00f6k: 11:30 \u2013 12:00: D\u00e9li \u00e1h\u00edtat, helysz\u00edn: gy\u00fclekezeti terem (az Egyh\u00e1zk\u00f6zs\u00e9g lelk\u00e9szei) H\u00e9tf\u0151: 18:00 \u2013 Fiatal n\u0151k klubja, helysz\u00edn: ifj\u00fas\u00e1gi m\u0171hely (Tam\u00e1s-Birinyi Lilla) Kedd: 14:00 \u2013 Nyugd\u00edjas bibliak\u00f6r, helysz\u00edn: bibliak\u00f6r\u00f6s terem (Zsoldos Tibor) Szerda: 17:00 \u2013 K\u00f6z\u00e9pkor\u00faak bibliak\u00f6re, helysz\u00edn: bibliak\u00f6r\u00f6s terem (Dr. [&hellip;]<\/p>\n","protected":false},"author":1,"featured_media":1568,"parent":138,"menu_order":0,"comment_status":"closed","ping_status":"closed","template":"page-templates\/full-width-page.php","meta":{"_eb_attr":"","ngg_post_thumbnail":0,"footnotes":""},"class_list":["post-914","page","type-page","status-publish","has-post-thumbnail","hentry"],"rttpg_featured_image_url":{"full":["https:\/\/kistemplom.hu\/wp-content\/uploads\/Debrecen-csodai-Karolyi-Peter_01.jpeg",1422,640,false],"landscape":["https:\/\/kistemplom.hu\/wp-content\/uploads\/Debrecen-csodai-Karolyi-Peter_01.jpeg",1422,640,false],"portraits":["https:\/\/kistemplom.hu\/wp-content\/uploads\/Debrecen-csodai-Karolyi-Peter_01.jpeg",1422,640,false],"thumbnail":["https:\/\/kistemplom.hu\/wp-content\/uploads\/Debrecen-csodai-Karolyi-Peter_01-150x150.jpeg",150,150,true],"medium":["https:\/\/kistemplom.hu\/wp-content\/uploads\/Debrecen-csodai-Karolyi-Peter_01-300x135.jpeg",300,135,true],"large":["https:\/\/kistemplom.hu\/wp-content\/uploads\/Debrecen-csodai-Karolyi-Peter_01-1024x461.jpeg",1024,461,true],"1536x1536":["https:\/\/kistemplom.hu\/wp-content\/uploads\/Debrecen-csodai-Karolyi-Peter_01.jpeg",1422,640,false],"2048x2048":["https:\/\/kistemplom.hu\/wp-content\/uploads\/Debrecen-csodai-Karolyi-Peter_01.jpeg",1422,640,false]},"rttpg_author":{"display_name":"szilagyijanos","author_link":"https:\/\/kistemplom.hu\/index.php\/author\/szilagyijanos\/"},"rttpg_comment":0,"rttpg_category":null,"rttpg_excerpt":"Alkalmaink H\u00e9tf\u0151-szerda: 8:30 \u2013 9:00: Reggeli \u00e1h\u00edtat, helysz\u00edn: bibliak\u00f6r\u00f6s terem (Dr. Porkol\u00e1b Andr\u00e1s) H\u00e9tf\u0151-cs\u00fct\u00f6rt\u00f6k: 11:30 \u2013 12:00: D\u00e9li \u00e1h\u00edtat, helysz\u00edn: gy\u00fclekezeti terem (az Egyh\u00e1zk\u00f6zs\u00e9g lelk\u00e9szei) H\u00e9tf\u0151: 18:00 \u2013 Fiatal n\u0151k klubja, helysz\u00edn: ifj\u00fas\u00e1gi m\u0171hely (Tam\u00e1s-Birinyi Lilla) Kedd: 14:00 \u2013 Nyugd\u00edjas bibliak\u00f6r, helysz\u00edn: bibliak\u00f6r\u00f6s terem (Zsoldos Tibor) Szerda: 17:00 \u2013 K\u00f6z\u00e9pkor\u00faak bibliak\u00f6re, helysz\u00edn: bibliak\u00f6r\u00f6s terem (Dr.&hellip;","_links":{"self":[{"href":"https:\/\/kistemplom.hu\/index.php\/wp-json\/wp\/v2\/pages\/914","targetHints":{"allow":["GET"]}}],"collection":[{"href":"https:\/\/kistemplom.hu\/index.php\/wp-json\/wp\/v2\/pages"}],"about":[{"href":"https:\/\/kistemplom.hu\/index.php\/wp-json\/wp\/v2\/types\/page"}],"author":[{"embeddable":true,"href":"https:\/\/kistemplom.hu\/index.php\/wp-json\/wp\/v2\/users\/1"}],"replies":[{"embeddable":true,"href":"https:\/\/kistemplom.hu\/index.php\/wp-json\/wp\/v2\/comments?post=914"}],"version-history":[{"count":3,"href":"https:\/\/kistemplom.hu\/index.php\/wp-json\/wp\/v2\/pages\/914\/revisions"}],"predecessor-version":[{"id":4895,"href":"https:\/\/kistemplom.hu\/index.php\/wp-json\/wp\/v2\/pages\/914\/revisions\/4895"}],"up":[{"embeddable":true,"href":"https:\/\/kistemplom.hu\/index.php\/wp-json\/wp\/v2\/pages\/138"}],"wp:featuredmedia":[{"embeddable":true,"href":"https:\/\/kistemplom.hu\/index.php\/wp-json\/wp\/v2\/media\/1568"}],"wp:attachment":[{"href":"https:\/\/kistemplom.hu\/index.php\/wp-json\/wp\/v2\/media?parent=914"}],"curies":[{"name":"wp","href":"https:\/\/api.w.org\/{rel}","templated":true}]}}