{"id":875,"date":"2023-07-25T21:15:11","date_gmt":"2023-07-25T19:15:11","guid":{"rendered":"https:\/\/kistemplom.dedipage.hu\/?page_id=875"},"modified":"2023-07-25T21:18:58","modified_gmt":"2023-07-25T19:18:58","slug":"kuruczne-rezes-melinda","status":"publish","type":"page","link":"https:\/\/kistemplom.hu\/index.php\/kuruczne-rezes-melinda\/","title":{"rendered":"Kuruczn\u00e9 Rezes Melinda"},"content":{"rendered":"\n<h1 class=\"wp-block-heading\">Bemutatkoz\u00e1s<\/h1>\n\n\n\n<p>Kuruczn\u00e9 Rezes Melinda Anik\u00f3nak h\u00edvnak. F\u00e9rjezett nevemet alig p\u00e1r h\u00f3napja haszn\u00e1lom, hiszen 2019. j\u00falius 19-\u00e9n d\u00f6nt\u00f6tt\u00fcnk v\u00e9glegesen egym\u00e1s mellett, Isten sz\u00edne el\u0151tt f\u00e9rjemmel, Kurucz Kriszti\u00e1nnal. 1991.07.06-\u00e1n sz\u00fclettem, \u00e9desap\u00e1m n\u00e9vnapj\u00e1n. Hajd\u00fahadh\u00e1zon n\u0151ttem fel sz\u00fcleim k\u00f6z\u00e9ps\u0151 l\u00e1nyak\u00e9nt. Egyszer\u0171 \u00e9s nagyszer\u0171 csal\u00e1db\u00f3l sz\u00e1rmazok. Sz\u00fcleim mindig mindent megtettek, \u00e9s megtesznek \u00e9rtem, testv\u00e9reim\u00e9rt \u00e9s m\u00e1r 10 \u00e9ve nevelt gyermekeik\u00e9rt, mivel nevel\u0151sz\u00fcl\u0151k\u00e9nt szolg\u00e1lnak. Emellett \u00e9desap\u00e1m M\u00c1V forgalmi szolg\u00e1lattev\u0151k\u00e9nt dolgozik m\u00e1r t\u00f6bb, mint 30 \u00e9ve. Olyan \u00e9rt\u00e9keket kaptam t\u0151l\u00fck, ami\u00e9rt egy gyerek nem lehet el\u00e9g h\u00e1l\u00e1s a sz\u00fcleinek. \u00c1ldottnak \u00e9rzem magam, hogy olyan csal\u00e1dban n\u0151hettem fel, ahol megtan\u00edtottak minden fontos dologra, ami sz\u00fcks\u00e9ges az \u00e9lethez.<\/p>\n\n\n\n<p>\u00d3vod\u00e1t\u00f3l kezdve, \u00f6nk\u00e9nt j\u00e1rtam hittan\u00f3r\u00e1ra. Az \u00e1ltal\u00e1nos iskola 6. oszt\u00e1ly\u00e1ban fogalmaztam meg el\u0151sz\u00f6r, hogy lelkip\u00e1sztor szeretn\u00e9k lenni. A templomban seg\u00e9dkeztem, mikor mondtam tiszteletes \u00farnak, hogy \u201emilyen j\u00f3 lehet a kil\u00e1t\u00e1s a sz\u00f3sz\u00e9kr\u0151l\u201d. Mondta, hogy nyugodtan menjek fel, \u00e9s n\u00e9zzek sz\u00e9t onnan. Erre \u00e9n annyit feleltem, hogy \u201edehogy is, majd ha pap\u00edrom lesz r\u00f3la!\u201d.<\/p>\n\n\n\n<div class=\"wp-block-group\"><div class=\"wp-block-group__inner-container is-layout-constrained wp-block-group-is-layout-constrained\"><div class=\"wp-block-image\">\n<figure class=\"alignleft size-full is-resized\"><img fetchpriority=\"high\" decoding=\"async\" src=\"https:\/\/kistemplom.hu\/wp-content\/uploads\/Kuruczne-Rezes-Melinda_1-1024x685-1.png\" alt=\"\" class=\"wp-image-876\" width=\"500\" height=\"334\" srcset=\"https:\/\/kistemplom.hu\/wp-content\/uploads\/\/Kuruczne-Rezes-Melinda_1-1024x685-1.png 1024w, https:\/\/kistemplom.hu\/wp-content\/uploads\/\/Kuruczne-Rezes-Melinda_1-1024x685-1-300x201.png 300w, https:\/\/kistemplom.hu\/wp-content\/uploads\/\/Kuruczne-Rezes-Melinda_1-1024x685-1-768x514.png 768w\" sizes=\"(max-width: 500px) 100vw, 500px\" \/><\/figure>\n<\/div><\/div><\/div>\n\n\n\n<p>Gimn\u00e1ziumi tanulm\u00e1nyaimat a Debreceni Reform\u00e1tus Koll\u00e9gium Gimn\u00e1zium\u00e1ban folytattam, ahol b\u00e1r m\u00e1r els\u0151 \u00e9vt\u0151l kezdve tudatosan k\u00e9sz\u00fcltem a teol\u00f3gi\u00e1ra, m\u00e9gis v\u00e9gig hagytam lehet\u0151s\u00e9get arra, hogy b\u00e1rmely m\u00e1s szakra is jelentkezhessek. V\u00e9g\u00fcl kiz\u00e1r\u00f3lag a teol\u00f3gi\u00e1ra adtam be a jelentkez\u00e9semet, ahov\u00e1 felv\u00e9telt nyertem, de m\u00e9gsem kezdtem el r\u00f6gt\u00f6n a gimn\u00e1zium ut\u00e1n a tanulm\u00e1nyaimat. 10 h\u00f3napot Hollandi\u00e1ban, Arnhemben t\u00f6lt\u00f6ttem \u00f6nk\u00e9ntesk\u00e9n, ahol id\u0151s, fogyat\u00e9kkal \u00e9l\u0151 emberekkel dolgoztam. Nagyon \u00e9lveztem az \u00f6n\u00e1ll\u00f3s\u00e1got, az \u00faj vil\u00e1got, ami kiny\u00edlt el\u0151ttem. Rengeteget fejl\u0151dtem, nyelveket tanultam, mondhatni feln\u0151ttem. Abban az \u00e9vben fogalmaz\u00f3dott meg bennem, hogy a teol\u00f3gia mellett mindenk\u00e9ppen szeretn\u00e9k m\u00e1st is tanulni, \u00e9s miut\u00e1n megtudtam, hogy milyen fontos \u00e9s \u00e9rt\u00e9kes magyar-holland reform\u00e1tus kapcsolataink voltak a m\u00faltban, \u00e9s vannak a jelenben is, \u00edgy a Debreceni Egyetem N\u00e9derlandisztika szak\u00e1ra is beadtam a jelentkez\u00e9semet a teol\u00f3gia m\u00e1sodik \u00e9v\u00e9ben. Ugyanezen \u00e9v tavaszi szemeszter\u00e9ben a pr\u00e1gai teol\u00f3gi\u00e1n tanulhattam Erasmus hallgat\u00f3k\u00e9nt, ahol az angol nyelvtud\u00e1somat siker\u00fclt gyakorolni \u00e9s m\u00e9ly\u00edteni.<\/p>\n\n\n\n<p>Miut\u00e1n felv\u00e9telt nyertem a Debreceni Egyetem N\u00e9derlandisztika szak\u00e1ra, p\u00e1rhuzamosan folytattam a tanulm\u00e1nyaimat a k\u00e9t egyetemen, mely el\u00e9g nagy kih\u00edv\u00e1snak bizonyult. A teol\u00f3gia harmadik \u00e9v\u00e9t \u00e9s a holland szak els\u0151 \u00e9v\u00e9t befejezve jelentkeztem \u00f6nk\u00e9ntesnek Amerik\u00e1ba, \u00edgy 2014 nyar\u00e1t Amerik\u00e1ban, Pennsylvani\u00e1ban t\u00f6lthettem egy fogyat\u00e9kkal \u00e9l\u0151 gyerekekkel foglalkoz\u00f3 t\u00e1borban. A ny\u00e1r v\u00e9g\u00e9n volt lehet\u0151s\u00e9gem utazgatni, \u00edgy eljutottam a Niagara-v\u00edzes\u00e9shez, Washingtonba, Philadelphi\u00e1ba, New York-ba, Miamiba \u00e9s sz\u00e1mos kisebb telep\u00fcl\u00e9s neves helysz\u00edneire.<\/p>\n\n\n\n<p>2015-ben \u00fajra jelentkeztem Erasmus \u00f6szt\u00f6nd\u00edjra, melynek k\u00f6sz\u00f6nhet\u0151en Hollandi\u00e1ban azon bel\u00fcl is Amszterdamban tanulhattam a 2016-os \u00e9v tavaszi szemeszter\u00e9ben. Mivel holland nyelven hallgattam az \u00f3r\u00e1kat, \u00edgy p\u00e1rhuzamosan tudtam folytatni mindk\u00e9t egyetemen a tanulm\u00e1nyaimat.<\/p>\n\n\n\n<p>Ezt k\u00f6vet\u0151en, miut\u00e1n hazat\u00e9rtem, teljes\u00edtettem a m\u00e9g sz\u00fcks\u00e9ges t\u00e1rgyaimat, \u00e9s 2018 janu\u00e1rj\u00e1ban megszereztem a holland szakos b\u00f6lcs\u00e9szdiplom\u00e1mat. Teol\u00f3giai tanulm\u00e1nyaimb\u00f3l m\u00e1r csak n\u00e9h\u00e1ny t\u00e1rgy maradt h\u00e1tra, ez\u00e1ltal id\u0151m nagy r\u00e9sze felszabadult, \u00edgy 2018 augusztus\u00e1t\u00f3l exmisszus-egyh\u00e1zi kiseg\u00edt\u0151 szolg\u00e1latra voltam kirendelve a P\u00fcsp\u00f6ki Hivatalba, ahol rengeteget&nbsp; tanulhattam az egyh\u00e1zunk m\u0171k\u00f6d\u00e9s\u00e9r\u0151l, \u00e9s szerezhettem a j\u00f6v\u0151ben hasznos\u00edthat\u00f3 tapasztalatot, tud\u00e1st.<\/p>\n\n\n\n<p>2019 j\u00fanius\u00e1ban sikeresen teljes\u00edtettem a K\u00e1pl\u00e1ni szigorlatot, mely el\u0151felt\u00e9tele az exmisszus-gyakornoki (seg\u00e9dlelk\u00e9szi) \u00e9v elkezd\u00e9s\u00e9nek, \u00edgy 2019. augusztus 1-t\u0151l sz\u00f3l a kirendel\u00e9sem a Debrecen Kistemplomi-Ispot\u00e1lyi Reform\u00e1tus Egyh\u00e1zk\u00f6zs\u00e9gbe, ahol annyira otthon \u00e9rezhetem magam, mint kor\u00e1bban az anyagy\u00fclekezetemben, a Hajd\u00fahadh\u00e1zi Reform\u00e1tus Egyh\u00e1zk\u00f6zs\u00e9gben. Nagyon h\u00e1l\u00e1s vagyok Istennek az\u00e9rt, hogy ebbe a gy\u00fclekezetbe vez\u00e9relt,<\/p>\n\n\n\n<p>Isten \u00e1ld\u00e1s\u00e1t k\u00e9rem a gy\u00fclekezet vezet\u0151ire \u00e9s minden tagj\u00e1ra.<\/p>\n\n\n\n<p>\/Kuruczn\u00e9 Rezes Melinda Anik\u00f3\/<\/p>\n","protected":false},"excerpt":{"rendered":"<p>Bemutatkoz\u00e1s Kuruczn\u00e9 Rezes Melinda Anik\u00f3nak h\u00edvnak. F\u00e9rjezett nevemet alig p\u00e1r h\u00f3napja haszn\u00e1lom, hiszen 2019. j\u00falius 19-\u00e9n d\u00f6nt\u00f6tt\u00fcnk v\u00e9glegesen egym\u00e1s mellett, Isten sz\u00edne el\u0151tt f\u00e9rjemmel, Kurucz Kriszti\u00e1nnal. 1991.07.06-\u00e1n sz\u00fclettem, \u00e9desap\u00e1m n\u00e9vnapj\u00e1n. Hajd\u00fahadh\u00e1zon n\u0151ttem fel sz\u00fcleim k\u00f6z\u00e9ps\u0151 l\u00e1nyak\u00e9nt. Egyszer\u0171 \u00e9s nagyszer\u0171 csal\u00e1db\u00f3l sz\u00e1rmazok. Sz\u00fcleim mindig mindent megtettek, \u00e9s megtesznek \u00e9rtem, testv\u00e9reim\u00e9rt \u00e9s m\u00e1r 10 \u00e9ve nevelt gyermekeik\u00e9rt, [&hellip;]<\/p>\n","protected":false},"author":1,"featured_media":876,"parent":0,"menu_order":0,"comment_status":"closed","ping_status":"closed","template":"","meta":{"_eb_attr":"","ngg_post_thumbnail":0,"footnotes":""},"class_list":["post-875","page","type-page","status-publish","has-post-thumbnail","hentry"],"rttpg_featured_image_url":{"full":["https:\/\/kistemplom.hu\/wp-content\/uploads\/Kuruczne-Rezes-Melinda_1-1024x685-1.png",1024,685,false],"landscape":["https:\/\/kistemplom.hu\/wp-content\/uploads\/Kuruczne-Rezes-Melinda_1-1024x685-1.png",1024,685,false],"portraits":["https:\/\/kistemplom.hu\/wp-content\/uploads\/Kuruczne-Rezes-Melinda_1-1024x685-1.png",1024,685,false],"thumbnail":["https:\/\/kistemplom.hu\/wp-content\/uploads\/Kuruczne-Rezes-Melinda_1-1024x685-1-150x150.png",150,150,true],"medium":["https:\/\/kistemplom.hu\/wp-content\/uploads\/Kuruczne-Rezes-Melinda_1-1024x685-1-300x201.png",300,201,true],"large":["https:\/\/kistemplom.hu\/wp-content\/uploads\/Kuruczne-Rezes-Melinda_1-1024x685-1.png",1024,685,false],"1536x1536":["https:\/\/kistemplom.hu\/wp-content\/uploads\/Kuruczne-Rezes-Melinda_1-1024x685-1.png",1024,685,false],"2048x2048":["https:\/\/kistemplom.hu\/wp-content\/uploads\/Kuruczne-Rezes-Melinda_1-1024x685-1.png",1024,685,false]},"rttpg_author":{"display_name":"szilagyijanos","author_link":"https:\/\/kistemplom.hu\/index.php\/author\/szilagyijanos\/"},"rttpg_comment":0,"rttpg_category":null,"rttpg_excerpt":"Bemutatkoz\u00e1s Kuruczn\u00e9 Rezes Melinda Anik\u00f3nak h\u00edvnak. F\u00e9rjezett nevemet alig p\u00e1r h\u00f3napja haszn\u00e1lom, hiszen 2019. j\u00falius 19-\u00e9n d\u00f6nt\u00f6tt\u00fcnk v\u00e9glegesen egym\u00e1s mellett, Isten sz\u00edne el\u0151tt f\u00e9rjemmel, Kurucz Kriszti\u00e1nnal. 1991.07.06-\u00e1n sz\u00fclettem, \u00e9desap\u00e1m n\u00e9vnapj\u00e1n. Hajd\u00fahadh\u00e1zon n\u0151ttem fel sz\u00fcleim k\u00f6z\u00e9ps\u0151 l\u00e1nyak\u00e9nt. Egyszer\u0171 \u00e9s nagyszer\u0171 csal\u00e1db\u00f3l sz\u00e1rmazok. Sz\u00fcleim mindig mindent megtettek, \u00e9s megtesznek \u00e9rtem, testv\u00e9reim\u00e9rt \u00e9s m\u00e1r 10 \u00e9ve nevelt gyermekeik\u00e9rt,&hellip;","_links":{"self":[{"href":"https:\/\/kistemplom.hu\/index.php\/wp-json\/wp\/v2\/pages\/875","targetHints":{"allow":["GET"]}}],"collection":[{"href":"https:\/\/kistemplom.hu\/index.php\/wp-json\/wp\/v2\/pages"}],"about":[{"href":"https:\/\/kistemplom.hu\/index.php\/wp-json\/wp\/v2\/types\/page"}],"author":[{"embeddable":true,"href":"https:\/\/kistemplom.hu\/index.php\/wp-json\/wp\/v2\/users\/1"}],"replies":[{"embeddable":true,"href":"https:\/\/kistemplom.hu\/index.php\/wp-json\/wp\/v2\/comments?post=875"}],"version-history":[{"count":0,"href":"https:\/\/kistemplom.hu\/index.php\/wp-json\/wp\/v2\/pages\/875\/revisions"}],"wp:featuredmedia":[{"embeddable":true,"href":"https:\/\/kistemplom.hu\/index.php\/wp-json\/wp\/v2\/media\/876"}],"wp:attachment":[{"href":"https:\/\/kistemplom.hu\/index.php\/wp-json\/wp\/v2\/media?parent=875"}],"curies":[{"name":"wp","href":"https:\/\/api.w.org\/{rel}","templated":true}]}}