{"id":4386,"date":"2026-02-24T12:39:09","date_gmt":"2026-02-24T11:39:09","guid":{"rendered":"https:\/\/kistemplom.dedipage.hu\/?page_id=4386"},"modified":"2026-02-24T12:47:44","modified_gmt":"2026-02-24T11:47:44","slug":"konfirmacio","status":"publish","type":"page","link":"https:\/\/kistemplom.hu\/index.php\/egyhazkozseg\/konfirmacio\/","title":{"rendered":"Konfirm\u00e1ci\u00f3"},"content":{"rendered":"<div data-colibri-id=\"4386-c1\" class=\"style-1334 style-local-4386-c1 position-relative\">\n  <!---->\n  <div data-colibri-component=\"section\" data-colibri-id=\"4386-c2\" id=\"overlappable\" class=\"h-section h-section-global-spacing d-flex align-items-lg-center align-items-md-center align-items-center style-1335 style-local-4386-c2 position-relative\">\n    <!---->\n    <!---->\n    <div class=\"h-section-grid-container h-section-boxed-container\">\n      <!---->\n      <div data-colibri-id=\"4386-c3\" class=\"h-row-container gutters-row-lg-0 gutters-row-md-0 gutters-row-0 gutters-row-v-lg-0 gutters-row-v-md-0 gutters-row-v-0 style-1336 style-local-4386-c3 position-relative\">\n        <!---->\n        <div class=\"h-row justify-content-lg-center justify-content-md-center justify-content-center align-items-lg-stretch align-items-md-stretch align-items-stretch gutters-col-lg-0 gutters-col-md-0 gutters-col-0 gutters-col-v-lg-0 gutters-col-v-md-0 gutters-col-v-0\">\n          <!---->\n          <div class=\"h-column h-column-container d-flex h-col-lg-auto h-col-md-auto h-col-auto style-1337-outer style-local-4386-c4-outer\">\n            <div data-colibri-id=\"4386-c4\" class=\"d-flex h-flex-basis h-column__inner h-ui-empty-state-container h-px-lg-0 h-px-md-0 h-px-0 v-inner-lg-0 v-inner-md-0 v-inner-0 style-1337 style-local-4386-c4 position-relative\">\n              <!---->\n              <!---->\n              <div class=\"w-100 h-y-container h-column__content h-column__v-align flex-basis-100\">\n                <!---->\n              <\/div>\n            <\/div>\n          <\/div>\n          <div class=\"h-column h-column-container d-flex h-col-lg-auto h-col-md-auto h-col-auto style-1338-outer style-local-4386-c5-outer\">\n            <div data-colibri-id=\"4386-c5\" class=\"d-flex h-flex-basis h-column__inner h-px-lg-2 h-px-md-2 h-px-2 v-inner-lg-2 v-inner-md-2 v-inner-2 style-1338 style-local-4386-c5 position-relative\">\n              <!---->\n              <!---->\n              <div class=\"w-100 h-y-container h-column__content h-column__v-align flex-basis-100 align-self-lg-center align-self-md-center align-self-center\">\n                <!---->\n                <div data-colibri-id=\"4386-c6\" class=\"h-global-transition-all h-heading style-1339 style-local-4386-c6 position-relative h-element\">\n                  <!---->\n                  <div class=\"h-heading__outer style-1339 style-local-4386-c6\">\n                    <!---->\n                    <!---->\n                    <h4 class=\"\">konfirm\u00e1ci\u00f3<\/h4>\n                  <\/div>\n                <\/div>\n                <div data-colibri-id=\"4386-c7\" class=\"h-text h-text-component style-1340 style-local-4386-c7 position-relative h-element\">\n                  <!---->\n                  <!---->\n                  <div class=\"\">\n                    <p>A konfirm\u00e1ci\u00f3 szorosan hozz\u00e1 tartozik a gyermek kereszts\u00e9ghez. A sz\u00f3 jelent\u00e9se meger\u0151s\u00edt\u00e9s. A sz\u00fcl\u0151k kereszts\u00e9gkor tett fogadalm\u00e1t a fiatal imm\u00e1r saj\u00e1t sz\u00e1nd\u00e9kb\u00f3l meger\u0151s\u00edti \u00e9s megvallja, hogy hisz J\u00e9zus Krisztusban \u00e9s a Reform\u00e1tus\n                      Egyh\u00e1zhoz k\u00edv\u00e1n tartozni.<\/p>\n                    <p>\n                      <br>\n                    <\/p>\n                    <p>\n                      <br>\n                    <\/p>\n                  <\/div>\n                <\/div>\n              <\/div>\n            <\/div>\n          <\/div>\n          <div class=\"h-column h-column-container d-flex h-col-lg-auto h-col-md-auto h-col-auto style-1338-outer style-local-4386-c8-outer\">\n            <div data-colibri-id=\"4386-c8\" class=\"d-flex h-flex-basis h-column__inner h-px-lg-2 h-px-md-2 h-px-2 v-inner-lg-2 v-inner-md-2 v-inner-2 style-1338 style-local-4386-c8 position-relative\">\n              <!---->\n              <!---->\n              <div class=\"w-100 h-y-container h-column__content h-column__v-align flex-basis-100 align-self-lg-center align-self-md-center align-self-center\">\n                <!---->\n                <div data-colibri-id=\"4386-c10\" class=\"h-text h-text-component style-1340 style-local-4386-c10 position-relative h-element\">\n                  <!---->\n                  <!---->\n                  <div class=\"\">\n                    <p><span style=\"color: rgb(64, 85, 169); font-family: &quot;Open Sans&quot;; font-size: 16px; font-weight: 400;\">A konfirm\u00e1ci\u00f3 id\u0151pontja minden \u00e9v P\u00fcnk\u00f6sd k\u00f6rny\u00e9ke, amit 8 h\u00f3napos heti rendszeress\u00e9g\u0171 el\u0151k\u00e9sz\u00edt\u0151 el\u0151z meg, amit a gy\u00fclekezet lelkip\u00e1sztorai tartanak. Ennek kezdete minden esetben az el\u0151z\u0151 \u00e9v okt\u00f3bere. A konfirm\u00e1ci\u00f3ra 13\u221214 \u00e9ves gyermekeket v\u00e1runk. Az el\u0151k\u00e9sz\u00edt\u0151re val\u00f3 jelentkez\u00e9sre minden \u00e9v szeptember\u00e9ben ker\u00fcl sor.<\/span><\/p>\n                    <p>\n                      <br>\n                    <\/p>\n                  <\/div>\n                <\/div>\n              <\/div>\n            <\/div>\n          <\/div>\n        <\/div>\n      <\/div>\n    <\/div>\n  <\/div>\n<\/div>","protected":false},"excerpt":{"rendered":"<p>konfirm\u00e1ci\u00f3 A konfirm\u00e1ci\u00f3 szorosan hozz\u00e1 tartozik a gyermek kereszts\u00e9ghez. A sz\u00f3 jelent\u00e9se meger\u0151s\u00edt\u00e9s. A sz\u00fcl\u0151k kereszts\u00e9gkor tett fogadalm\u00e1t a fiatal imm\u00e1r saj\u00e1t sz\u00e1nd\u00e9kb\u00f3l meger\u0151s\u00edti \u00e9s megvallja, hogy hisz J\u00e9zus Krisztusban \u00e9s a Reform\u00e1tus Egyh\u00e1zhoz k\u00edv\u00e1n tartozni. A konfirm\u00e1ci\u00f3 id\u0151pontja minden \u00e9v P\u00fcnk\u00f6sd k\u00f6rny\u00e9ke, amit 8 h\u00f3napos heti rendszeress\u00e9g\u0171 el\u0151k\u00e9sz\u00edt\u0151 el\u0151z meg, amit a gy\u00fclekezet lelkip\u00e1sztorai [&hellip;]<\/p>\n","protected":false},"author":1,"featured_media":1001,"parent":138,"menu_order":0,"comment_status":"closed","ping_status":"closed","template":"page-templates\/full-width-page.php","meta":{"_eb_attr":"","ngg_post_thumbnail":0,"footnotes":""},"class_list":["post-4386","page","type-page","status-publish","has-post-thumbnail","hentry"],"rttpg_featured_image_url":{"full":["https:\/\/kistemplom.hu\/wp-content\/uploads\/orgona_1860x430.jpg",1860,430,false],"landscape":["https:\/\/kistemplom.hu\/wp-content\/uploads\/orgona_1860x430.jpg",1860,430,false],"portraits":["https:\/\/kistemplom.hu\/wp-content\/uploads\/orgona_1860x430.jpg",1860,430,false],"thumbnail":["https:\/\/kistemplom.hu\/wp-content\/uploads\/orgona_1860x430-150x150.jpg",150,150,true],"medium":["https:\/\/kistemplom.hu\/wp-content\/uploads\/orgona_1860x430-300x69.jpg",300,69,true],"large":["https:\/\/kistemplom.hu\/wp-content\/uploads\/orgona_1860x430-1024x237.jpg",1024,237,true],"1536x1536":["https:\/\/kistemplom.hu\/wp-content\/uploads\/orgona_1860x430-1536x355.jpg",1536,355,true],"2048x2048":["https:\/\/kistemplom.hu\/wp-content\/uploads\/orgona_1860x430.jpg",1860,430,false]},"rttpg_author":{"display_name":"szilagyijanos","author_link":"https:\/\/kistemplom.hu\/index.php\/author\/szilagyijanos\/"},"rttpg_comment":0,"rttpg_category":null,"rttpg_excerpt":"konfirm\u00e1ci\u00f3 A konfirm\u00e1ci\u00f3 szorosan hozz\u00e1 tartozik a gyermek kereszts\u00e9ghez. A sz\u00f3 jelent\u00e9se meger\u0151s\u00edt\u00e9s. A sz\u00fcl\u0151k kereszts\u00e9gkor tett fogadalm\u00e1t a fiatal imm\u00e1r saj\u00e1t sz\u00e1nd\u00e9kb\u00f3l meger\u0151s\u00edti \u00e9s megvallja, hogy hisz J\u00e9zus Krisztusban \u00e9s a Reform\u00e1tus Egyh\u00e1zhoz k\u00edv\u00e1n tartozni. A konfirm\u00e1ci\u00f3 id\u0151pontja minden \u00e9v P\u00fcnk\u00f6sd k\u00f6rny\u00e9ke, amit 8 h\u00f3napos heti rendszeress\u00e9g\u0171 el\u0151k\u00e9sz\u00edt\u0151 el\u0151z meg, amit a gy\u00fclekezet lelkip\u00e1sztorai&hellip;","_links":{"self":[{"href":"https:\/\/kistemplom.hu\/index.php\/wp-json\/wp\/v2\/pages\/4386","targetHints":{"allow":["GET"]}}],"collection":[{"href":"https:\/\/kistemplom.hu\/index.php\/wp-json\/wp\/v2\/pages"}],"about":[{"href":"https:\/\/kistemplom.hu\/index.php\/wp-json\/wp\/v2\/types\/page"}],"author":[{"embeddable":true,"href":"https:\/\/kistemplom.hu\/index.php\/wp-json\/wp\/v2\/users\/1"}],"replies":[{"embeddable":true,"href":"https:\/\/kistemplom.hu\/index.php\/wp-json\/wp\/v2\/comments?post=4386"}],"version-history":[{"count":3,"href":"https:\/\/kistemplom.hu\/index.php\/wp-json\/wp\/v2\/pages\/4386\/revisions"}],"predecessor-version":[{"id":4402,"href":"https:\/\/kistemplom.hu\/index.php\/wp-json\/wp\/v2\/pages\/4386\/revisions\/4402"}],"up":[{"embeddable":true,"href":"https:\/\/kistemplom.hu\/index.php\/wp-json\/wp\/v2\/pages\/138"}],"wp:featuredmedia":[{"embeddable":true,"href":"https:\/\/kistemplom.hu\/index.php\/wp-json\/wp\/v2\/media\/1001"}],"wp:attachment":[{"href":"https:\/\/kistemplom.hu\/index.php\/wp-json\/wp\/v2\/media?parent=4386"}],"curies":[{"name":"wp","href":"https:\/\/api.w.org\/{rel}","templated":true}]}}