{"id":4384,"date":"2026-02-24T12:38:29","date_gmt":"2026-02-24T11:38:29","guid":{"rendered":"https:\/\/kistemplom.dedipage.hu\/?page_id=4384"},"modified":"2026-02-24T13:48:12","modified_gmt":"2026-02-24T12:48:12","slug":"temetes","status":"publish","type":"page","link":"https:\/\/kistemplom.hu\/index.php\/egyhazkozseg\/temetes\/","title":{"rendered":"Temet\u00e9s"},"content":{"rendered":"<div data-colibri-id=\"4384-c1\" class=\"style-1348 style-local-4384-c1 position-relative\">\n  <!---->\n  <div data-colibri-component=\"section\" data-colibri-id=\"4384-c2\" id=\"overlappable\" class=\"h-section h-section-global-spacing d-flex align-items-lg-center align-items-md-center align-items-center style-1349 style-local-4384-c2 position-relative\">\n    <!---->\n    <!---->\n    <div class=\"h-section-grid-container h-section-boxed-container\">\n      <!---->\n      <div data-colibri-id=\"4384-c3\" class=\"h-row-container gutters-row-lg-0 gutters-row-md-0 gutters-row-0 gutters-row-v-lg-0 gutters-row-v-md-0 gutters-row-v-0 style-1350 style-local-4384-c3 position-relative\">\n        <!---->\n        <div class=\"h-row justify-content-lg-center justify-content-md-center justify-content-center align-items-lg-stretch align-items-md-stretch align-items-stretch gutters-col-lg-0 gutters-col-md-0 gutters-col-0 gutters-col-v-lg-0 gutters-col-v-md-0 gutters-col-v-0\">\n          <!---->\n          <div class=\"h-column h-column-container d-flex h-col-lg-auto h-col-md-auto h-col-auto style-1351-outer style-local-4384-c4-outer\">\n            <div data-colibri-id=\"4384-c4\" class=\"d-flex h-flex-basis h-column__inner h-ui-empty-state-container h-px-lg-0 h-px-md-0 h-px-0 v-inner-lg-0 v-inner-md-0 v-inner-0 style-1351 style-local-4384-c4 position-relative\">\n              <!---->\n              <!---->\n              <div class=\"w-100 h-y-container h-column__content h-column__v-align flex-basis-100\">\n                <!---->\n              <\/div>\n            <\/div>\n          <\/div>\n          <div class=\"h-column h-column-container d-flex h-col-lg-auto h-col-md-auto h-col-auto style-1352-outer style-local-4384-c5-outer\">\n            <div data-colibri-id=\"4384-c5\" class=\"d-flex h-flex-basis h-column__inner h-px-lg-2 h-px-md-2 h-px-2 v-inner-lg-2 v-inner-md-2 v-inner-2 style-1352 style-local-4384-c5 position-relative\">\n              <!---->\n              <!---->\n              <div class=\"w-100 h-y-container h-column__content h-column__v-align flex-basis-100 align-self-lg-center align-self-md-center align-self-center\">\n                <!---->\n                <div data-colibri-id=\"4384-c6\" class=\"h-global-transition-all h-heading style-1353 style-local-4384-c6 position-relative h-element\">\n                  <!---->\n                  <div class=\"h-heading__outer style-1353 style-local-4384-c6\">\n                    <!---->\n                    <!---->\n                    <h4 class=\"\">temet\u00e9s <\/h4>\n                  <\/div>\n                <\/div>\n                <div data-colibri-id=\"4384-c7\" class=\"h-text h-text-component style-1354 style-local-4384-c7 position-relative h-element\">\n                  <!---->\n                  <!---->\n                  <div class=\"\">\n                    <p>A temet\u00e9si szertart\u00e1s a b\u00facs\u00faz\u00e1s \u00e9s a vigasztal\u00e1s alkalma. A gy\u00e1szol\u00f3 k\u00f6z\u00f6ss\u00e9g megeml\u00e9kezhet elhunyt szerett\u00e9r\u0151l \u00e9s Isten ig\u00e9je \u00e1ltal r\u00e9szesedhet a vigasztal\u00e1sban, ami az \u00f6r\u00f6k \u00e9let rem\u00e9nys\u00e9g\u00e9re mutat. Temet\u00e9si \u201eszertart\u00e1sok\u201d alkalm\u00e1val\n                      t\u00f6reksz\u00fcnk arra, hogy min\u00e9l szem\u00e9lyesebb, az adott csal\u00e1dot konkr\u00e9tan megsz\u00f3l\u00edt\u00f3 szolg\u00e1latot v\u00e9gezz\u00fcnk. Ennek \u00e9rdek\u00e9ben fontosnak tartjuk, hogy a gy\u00e1szol\u00f3kkal legal\u00e1bb egy, de ig\u00e9ny eset\u00e9n t\u00f6bb alkalommal is tal\u00e1lkozzunk. Ezeken\n                      a besz\u00e9lget\u00e9seken seg\u00edt\u00fcnk a szem\u00e9lyes gy\u00e1sz feldolgoz\u00e1s\u00e1ban \u00e9s megismerked\u00fcnk az elhunyt szem\u00e9lyis\u00e9g\u00e9vel, \u00e9let\u00fatj\u00e1val. <\/p>\n                    <p>\n                      <br>\n                    <\/p>\n                  <\/div>\n                <\/div>\n              <\/div>\n            <\/div>\n          <\/div>\n          <div class=\"h-column h-column-container d-flex h-col-lg-auto h-col-md-auto h-col-auto style-1352-outer style-local-4384-c8-outer\">\n            <div data-colibri-id=\"4384-c8\" class=\"d-flex h-flex-basis h-column__inner h-px-lg-2 h-px-md-2 h-px-2 v-inner-lg-2 v-inner-md-2 v-inner-2 style-1352 style-local-4384-c8 position-relative\">\n              <!---->\n              <!---->\n              <div class=\"w-100 h-y-container h-column__content h-column__v-align flex-basis-100 align-self-lg-center align-self-md-center align-self-center\">\n                <!---->\n                <div data-colibri-id=\"4384-c9\" class=\"h-global-transition-all h-heading style-1353 style-local-4384-c9 position-relative h-element\">\n                  <!---->\n                  <div class=\"h-heading__outer style-1353 style-local-4384-c9\">\n                    <!---->\n                    <!---->\n                    <h4 class=\"\">Mi a teend\u0151?<\/h4>\n                  <\/div>\n                <\/div>\n                <div data-colibri-id=\"4384-c10\" class=\"h-text h-text-component style-1354 style-local-4384-c10 position-relative h-element\">\n                  <!---->\n                  <!---->\n                  <div class=\"\">\n                    <ul>\n                      <li>A temet\u00e9s bejelent\u00e9se (szem\u00e9lyesen, telefonon vagy emailben) a lelk\u00e9szi hivatalban (R\u00e9v\u00e9sz t\u00e9r 2).<\/li>\n                      <li>Egyeztet\u00e9s a lelkip\u00e1sztorral a temet\u00e9s id\u0151pontj\u00e1r\u00f3l, menet\u00e9r\u0151l egyeztetett id\u0151pontban.<\/li>\n                    <\/ul>\n                    <p><strong>Mivel a temet\u00e9s nem s\u00e1kramentum, ez\u00e9rt minim\u00e1lis d\u00edjat sz\u00e1molunk fel, ami a k\u00f6vetkez\u0151 k\u00e9pen alakul:<\/strong><\/p>\n                    <ul>\n                      <li>K\u00e1ntor d\u00edja: 20.000 forint (\u00e9nekvezet\u00e9s, hangszeres k\u00eds\u00e9ret)<\/li>\n                      <li>Lelk\u00e9sz st\u00f3lad\u00edja: 30.000 forint (gy\u00e1szol\u00f3kkal t\u00f6rt\u00e9n\u0151 besz\u00e9lget\u00e9s, a gy\u00e1szszertart\u00e1s levezet\u00e9se)<\/li>\n                    <\/ul>\n                    <p><strong>A temet\u00e9s \u00f6sszk\u00f6lts\u00e9ge: 50.000 forint<\/strong><\/p>\n                    <p>\n                      <br>\n                    <\/p>\n                  <\/div>\n                <\/div>\n              <\/div>\n            <\/div>\n          <\/div>\n        <\/div>\n      <\/div>\n    <\/div>\n  <\/div>\n<\/div>","protected":false},"excerpt":{"rendered":"<p>temet\u00e9s A temet\u00e9si szertart\u00e1s a b\u00facs\u00faz\u00e1s \u00e9s a vigasztal\u00e1s alkalma. A gy\u00e1szol\u00f3 k\u00f6z\u00f6ss\u00e9g megeml\u00e9kezhet elhunyt szerett\u00e9r\u0151l \u00e9s Isten ig\u00e9je \u00e1ltal r\u00e9szesedhet a vigasztal\u00e1sban, ami az \u00f6r\u00f6k \u00e9let rem\u00e9nys\u00e9g\u00e9re mutat. Temet\u00e9si \u201eszertart\u00e1sok\u201d alkalm\u00e1val t\u00f6reksz\u00fcnk arra, hogy min\u00e9l szem\u00e9lyesebb, az adott csal\u00e1dot konkr\u00e9tan megsz\u00f3l\u00edt\u00f3 szolg\u00e1latot v\u00e9gezz\u00fcnk. Ennek \u00e9rdek\u00e9ben fontosnak tartjuk, hogy a gy\u00e1szol\u00f3kkal legal\u00e1bb egy, de ig\u00e9ny [&hellip;]<\/p>\n","protected":false},"author":1,"featured_media":1001,"parent":138,"menu_order":0,"comment_status":"closed","ping_status":"closed","template":"page-templates\/full-width-page.php","meta":{"_eb_attr":"","ngg_post_thumbnail":0,"footnotes":""},"class_list":["post-4384","page","type-page","status-publish","has-post-thumbnail","hentry"],"rttpg_featured_image_url":{"full":["https:\/\/kistemplom.hu\/wp-content\/uploads\/orgona_1860x430.jpg",1860,430,false],"landscape":["https:\/\/kistemplom.hu\/wp-content\/uploads\/orgona_1860x430.jpg",1860,430,false],"portraits":["https:\/\/kistemplom.hu\/wp-content\/uploads\/orgona_1860x430.jpg",1860,430,false],"thumbnail":["https:\/\/kistemplom.hu\/wp-content\/uploads\/orgona_1860x430-150x150.jpg",150,150,true],"medium":["https:\/\/kistemplom.hu\/wp-content\/uploads\/orgona_1860x430-300x69.jpg",300,69,true],"large":["https:\/\/kistemplom.hu\/wp-content\/uploads\/orgona_1860x430-1024x237.jpg",1024,237,true],"1536x1536":["https:\/\/kistemplom.hu\/wp-content\/uploads\/orgona_1860x430-1536x355.jpg",1536,355,true],"2048x2048":["https:\/\/kistemplom.hu\/wp-content\/uploads\/orgona_1860x430.jpg",1860,430,false]},"rttpg_author":{"display_name":"szilagyijanos","author_link":"https:\/\/kistemplom.hu\/index.php\/author\/szilagyijanos\/"},"rttpg_comment":0,"rttpg_category":null,"rttpg_excerpt":"temet\u00e9s A temet\u00e9si szertart\u00e1s a b\u00facs\u00faz\u00e1s \u00e9s a vigasztal\u00e1s alkalma. A gy\u00e1szol\u00f3 k\u00f6z\u00f6ss\u00e9g megeml\u00e9kezhet elhunyt szerett\u00e9r\u0151l \u00e9s Isten ig\u00e9je \u00e1ltal r\u00e9szesedhet a vigasztal\u00e1sban, ami az \u00f6r\u00f6k \u00e9let rem\u00e9nys\u00e9g\u00e9re mutat. Temet\u00e9si \u201eszertart\u00e1sok\u201d alkalm\u00e1val t\u00f6reksz\u00fcnk arra, hogy min\u00e9l szem\u00e9lyesebb, az adott csal\u00e1dot konkr\u00e9tan megsz\u00f3l\u00edt\u00f3 szolg\u00e1latot v\u00e9gezz\u00fcnk. Ennek \u00e9rdek\u00e9ben fontosnak tartjuk, hogy a gy\u00e1szol\u00f3kkal legal\u00e1bb egy, de ig\u00e9ny&hellip;","_links":{"self":[{"href":"https:\/\/kistemplom.hu\/index.php\/wp-json\/wp\/v2\/pages\/4384","targetHints":{"allow":["GET"]}}],"collection":[{"href":"https:\/\/kistemplom.hu\/index.php\/wp-json\/wp\/v2\/pages"}],"about":[{"href":"https:\/\/kistemplom.hu\/index.php\/wp-json\/wp\/v2\/types\/page"}],"author":[{"embeddable":true,"href":"https:\/\/kistemplom.hu\/index.php\/wp-json\/wp\/v2\/users\/1"}],"replies":[{"embeddable":true,"href":"https:\/\/kistemplom.hu\/index.php\/wp-json\/wp\/v2\/comments?post=4384"}],"version-history":[{"count":3,"href":"https:\/\/kistemplom.hu\/index.php\/wp-json\/wp\/v2\/pages\/4384\/revisions"}],"predecessor-version":[{"id":4480,"href":"https:\/\/kistemplom.hu\/index.php\/wp-json\/wp\/v2\/pages\/4384\/revisions\/4480"}],"up":[{"embeddable":true,"href":"https:\/\/kistemplom.hu\/index.php\/wp-json\/wp\/v2\/pages\/138"}],"wp:featuredmedia":[{"embeddable":true,"href":"https:\/\/kistemplom.hu\/index.php\/wp-json\/wp\/v2\/media\/1001"}],"wp:attachment":[{"href":"https:\/\/kistemplom.hu\/index.php\/wp-json\/wp\/v2\/media?parent=4384"}],"curies":[{"name":"wp","href":"https:\/\/api.w.org\/{rel}","templated":true}]}}