{"id":4382,"date":"2026-02-24T12:38:00","date_gmt":"2026-02-24T11:38:00","guid":{"rendered":"https:\/\/kistemplom.dedipage.hu\/?page_id=4382"},"modified":"2026-02-24T13:31:34","modified_gmt":"2026-02-24T12:31:34","slug":"hazassagkotes","status":"publish","type":"page","link":"https:\/\/kistemplom.hu\/index.php\/egyhazkozseg\/hazassagkotes\/","title":{"rendered":"H\u00e1zass\u00e1gk\u00f6t\u00e9s"},"content":{"rendered":"<div data-colibri-id=\"4382-c1\" class=\"style-1341 style-local-4382-c1 position-relative\">\n  <!---->\n  <div data-colibri-component=\"section\" data-colibri-id=\"4382-c2\" id=\"overlappable\" class=\"h-section h-section-global-spacing d-flex align-items-lg-center align-items-md-center align-items-center style-1342 style-local-4382-c2 position-relative\">\n    <!---->\n    <!---->\n    <div class=\"h-section-grid-container h-section-boxed-container\">\n      <!---->\n      <div data-colibri-id=\"4382-c3\" class=\"h-row-container gutters-row-lg-0 gutters-row-md-0 gutters-row-0 gutters-row-v-lg-0 gutters-row-v-md-0 gutters-row-v-0 style-1343 style-local-4382-c3 position-relative\">\n        <!---->\n        <div class=\"h-row justify-content-lg-center justify-content-md-center justify-content-center align-items-lg-stretch align-items-md-stretch align-items-stretch gutters-col-lg-0 gutters-col-md-0 gutters-col-0 gutters-col-v-lg-0 gutters-col-v-md-0 gutters-col-v-0\">\n          <!---->\n          <div class=\"h-column h-column-container d-flex h-col-lg-auto h-col-md-auto h-col-auto style-1344-outer style-local-4382-c4-outer\">\n            <div data-colibri-id=\"4382-c4\" class=\"d-flex h-flex-basis h-column__inner h-ui-empty-state-container h-px-lg-0 h-px-md-0 h-px-0 v-inner-lg-0 v-inner-md-0 v-inner-0 style-1344 style-local-4382-c4 position-relative\">\n              <!---->\n              <!---->\n              <div class=\"w-100 h-y-container h-column__content h-column__v-align flex-basis-100\">\n                <!---->\n              <\/div>\n            <\/div>\n          <\/div>\n          <div class=\"h-column h-column-container d-flex h-col-lg-auto h-col-md-auto h-col-auto style-1345-outer style-local-4382-c5-outer\">\n            <div data-colibri-id=\"4382-c5\" class=\"d-flex h-flex-basis h-column__inner h-px-lg-2 h-px-md-2 h-px-2 v-inner-lg-2 v-inner-md-2 v-inner-2 style-1345 style-local-4382-c5 position-relative\">\n              <!---->\n              <!---->\n              <div class=\"w-100 h-y-container h-column__content h-column__v-align flex-basis-100 align-self-lg-center align-self-md-center align-self-center\">\n                <!---->\n                <div data-colibri-id=\"4382-c6\" class=\"h-global-transition-all h-heading style-1346 style-local-4382-c6 position-relative h-element\">\n                  <!---->\n                  <div class=\"h-heading__outer style-1346 style-local-4382-c6\">\n                    <!---->\n                    <!---->\n                    <h4 class=\"\">h\u00e1zass\u00e1gk\u00f6t\u00e9s meg\u00e1ld\u00e1sa<\/h4>\n                  <\/div>\n                <\/div>\n                <div data-colibri-id=\"4382-c7\" class=\"h-text h-text-component style-1347 style-local-4382-c7 position-relative h-element\">\n                  <!---->\n                  <!---->\n                  <div class=\"\">\n                    <p>Reform\u00e1tus rendtart\u00e1sunk szerint az esk\u00fcv\u0151 alkalm\u00e1val Isten \u00e1ld\u00e1s\u00e1t k\u00e9rj\u00fck egy f\u00e9rfi \u00e9s egy n\u0151 szabad d\u00f6nt\u00e9s alapj\u00e1n, a polg\u00e1ri hat\u00f3s\u00e1gok el\u0151tt, megk\u00f6t\u00f6tt h\u00e1zass\u00e1g\u00e1ra. Ehhez a Kistemplom\/Csonkatemplom m\u00e9lt\u00f3s\u00e1gteljes helysz\u00ednt biztos\u00edt.\n                      Lelk\u00e9szeink k\u00fcls\u0151 helysz\u00ednen t\u00f6rt\u00e9n\u0151 h\u00e1zass\u00e1gk\u00f6t\u00e9st nem tudnak v\u00e1llalni. <\/p>\n                    <p>\n                      <br>\n                    <\/p>\n                    <p>\n                      <br>\n                    <\/p>\n                  <\/div>\n                <\/div>\n              <\/div>\n            <\/div>\n          <\/div>\n          <div class=\"h-column h-column-container d-flex h-col-lg-auto h-col-md-auto h-col-auto style-1345-outer style-local-4382-c8-outer\">\n            <div data-colibri-id=\"4382-c8\" class=\"d-flex h-flex-basis h-column__inner h-px-lg-2 h-px-md-2 h-px-2 v-inner-lg-2 v-inner-md-2 v-inner-2 style-1345 style-local-4382-c8 position-relative\">\n              <!---->\n              <!---->\n              <div class=\"w-100 h-y-container h-column__content h-column__v-align flex-basis-100 align-self-lg-center align-self-md-center align-self-center\">\n                <!---->\n                <div data-colibri-id=\"4382-c9\" class=\"h-global-transition-all h-heading style-1346 style-local-4382-c9 position-relative h-element\">\n                  <!---->\n                  <div class=\"h-heading__outer style-1346 style-local-4382-c9\">\n                    <!---->\n                    <!---->\n                    <h4 class=\"\">Mi a teend\u0151?<\/h4>\n                  <\/div>\n                <\/div>\n                <div data-colibri-id=\"4382-c10\" class=\"h-text h-text-component style-1347 style-local-4382-c10 position-relative h-element\">\n                  <!---->\n                  <!---->\n                  <div class=\"\">\n                    <ul>\n                      <li>A h\u00e1zass\u00e1g k\u00f6t\u00e9si sz\u00e1nd\u00e9k bejelent\u00e9se (szem\u00e9lyesen, telefonon vagy emailben) a lelk\u00e9szi hivatalban (R\u00e9v\u00e9sz t\u00e9r2) legal\u00e1bb 60 nappal a h\u00e1zass\u00e1gk\u00f6t\u00e9s tervezett id\u0151pontja el\u0151tt.<\/li>\n                      <li>Egyeztet\u00e9s a szertart\u00e1st v\u00e9gz\u0151 lelkip\u00e1sztorral.<\/li>\n                    <\/ul>\n                    <p><strong>Mivel a h\u00e1zass\u00e1gk\u00f6t\u00e9s meg\u00e1ld\u00e1sa nem s\u00e1kramentum, ez\u00e9rt d\u00edjat sz\u00e1molunk fel, ami a k\u00f6vetkez\u0151 k\u00e9pen alakul:<\/strong><\/p>\n                    <ul>\n                      <li>Templom haszn\u00e1lati d\u00edj: 9.000 (sz\u00fcks\u00e9g szerint f\u0171t\u00e9s, vil\u00e1g\u00edt\u00e1s, tiszta helyis\u00e9g).<\/li>\n                      <li>Harangoz\u00f3 d\u00edja: 6.000 (el\u0151k\u00e9sz\u00edti a templomot, nyitja-z\u00e1rja, bekapcsolja a f\u0171t\u00e9st, vil\u00e1g\u00edt\u00e1st).<\/li>\n                      <li>&nbsp;K\u00e1ntor d\u00edja: 20.000 (a szertart\u00e1s zenei h\u00e1tter\u00e9t biztos\u00edtja, \u00e9nekek, kivonul\u00f3-bevonul\u00f3 zene).<\/li>\n                      <li>Lelk\u00e9sz st\u00f3lad\u00edja: 30.000 (el\u0151k\u00e9sz\u00edt\u0151 besz\u00e9lget\u00e9sek, a szertart\u00e1st elv\u00e9gz\u00e9se: igehirdet\u00e9s szolg\u00e1lata, h\u00e1zass\u00e1gi esk\u00fc kiv\u00e9tele) <\/li>\n                    <\/ul>\n                    <p><strong>Az esk\u00fcv\u0151 \u00f6sszk\u00f6lts\u00e9ge: 65.000 forint<\/strong><\/p>\n                    <p>\n                      <br>\n                    <\/p>\n                  <\/div>\n                <\/div>\n              <\/div>\n            <\/div>\n          <\/div>\n        <\/div>\n      <\/div>\n    <\/div>\n  <\/div>\n<\/div>","protected":false},"excerpt":{"rendered":"<p>h\u00e1zass\u00e1gk\u00f6t\u00e9s meg\u00e1ld\u00e1sa Reform\u00e1tus rendtart\u00e1sunk szerint az esk\u00fcv\u0151 alkalm\u00e1val Isten \u00e1ld\u00e1s\u00e1t k\u00e9rj\u00fck egy f\u00e9rfi \u00e9s egy n\u0151 szabad d\u00f6nt\u00e9s alapj\u00e1n, a polg\u00e1ri hat\u00f3s\u00e1gok el\u0151tt, megk\u00f6t\u00f6tt h\u00e1zass\u00e1g\u00e1ra. Ehhez a Kistemplom\/Csonkatemplom m\u00e9lt\u00f3s\u00e1gteljes helysz\u00ednt biztos\u00edt. Lelk\u00e9szeink k\u00fcls\u0151 helysz\u00ednen t\u00f6rt\u00e9n\u0151 h\u00e1zass\u00e1gk\u00f6t\u00e9st nem tudnak v\u00e1llalni. Mi a teend\u0151? A h\u00e1zass\u00e1g k\u00f6t\u00e9si sz\u00e1nd\u00e9k bejelent\u00e9se (szem\u00e9lyesen, telefonon vagy emailben) a lelk\u00e9szi hivatalban (R\u00e9v\u00e9sz [&hellip;]<\/p>\n","protected":false},"author":1,"featured_media":1001,"parent":138,"menu_order":0,"comment_status":"closed","ping_status":"closed","template":"page-templates\/full-width-page.php","meta":{"_eb_attr":"","ngg_post_thumbnail":0,"footnotes":""},"class_list":["post-4382","page","type-page","status-publish","has-post-thumbnail","hentry"],"rttpg_featured_image_url":{"full":["https:\/\/kistemplom.hu\/wp-content\/uploads\/orgona_1860x430.jpg",1860,430,false],"landscape":["https:\/\/kistemplom.hu\/wp-content\/uploads\/orgona_1860x430.jpg",1860,430,false],"portraits":["https:\/\/kistemplom.hu\/wp-content\/uploads\/orgona_1860x430.jpg",1860,430,false],"thumbnail":["https:\/\/kistemplom.hu\/wp-content\/uploads\/orgona_1860x430-150x150.jpg",150,150,true],"medium":["https:\/\/kistemplom.hu\/wp-content\/uploads\/orgona_1860x430-300x69.jpg",300,69,true],"large":["https:\/\/kistemplom.hu\/wp-content\/uploads\/orgona_1860x430-1024x237.jpg",1024,237,true],"1536x1536":["https:\/\/kistemplom.hu\/wp-content\/uploads\/orgona_1860x430-1536x355.jpg",1536,355,true],"2048x2048":["https:\/\/kistemplom.hu\/wp-content\/uploads\/orgona_1860x430.jpg",1860,430,false]},"rttpg_author":{"display_name":"szilagyijanos","author_link":"https:\/\/kistemplom.hu\/index.php\/author\/szilagyijanos\/"},"rttpg_comment":0,"rttpg_category":null,"rttpg_excerpt":"h\u00e1zass\u00e1gk\u00f6t\u00e9s meg\u00e1ld\u00e1sa Reform\u00e1tus rendtart\u00e1sunk szerint az esk\u00fcv\u0151 alkalm\u00e1val Isten \u00e1ld\u00e1s\u00e1t k\u00e9rj\u00fck egy f\u00e9rfi \u00e9s egy n\u0151 szabad d\u00f6nt\u00e9s alapj\u00e1n, a polg\u00e1ri hat\u00f3s\u00e1gok el\u0151tt, megk\u00f6t\u00f6tt h\u00e1zass\u00e1g\u00e1ra. Ehhez a Kistemplom\/Csonkatemplom m\u00e9lt\u00f3s\u00e1gteljes helysz\u00ednt biztos\u00edt. Lelk\u00e9szeink k\u00fcls\u0151 helysz\u00ednen t\u00f6rt\u00e9n\u0151 h\u00e1zass\u00e1gk\u00f6t\u00e9st nem tudnak v\u00e1llalni. Mi a teend\u0151? A h\u00e1zass\u00e1g k\u00f6t\u00e9si sz\u00e1nd\u00e9k bejelent\u00e9se (szem\u00e9lyesen, telefonon vagy emailben) a lelk\u00e9szi hivatalban (R\u00e9v\u00e9sz&hellip;","_links":{"self":[{"href":"https:\/\/kistemplom.hu\/index.php\/wp-json\/wp\/v2\/pages\/4382","targetHints":{"allow":["GET"]}}],"collection":[{"href":"https:\/\/kistemplom.hu\/index.php\/wp-json\/wp\/v2\/pages"}],"about":[{"href":"https:\/\/kistemplom.hu\/index.php\/wp-json\/wp\/v2\/types\/page"}],"author":[{"embeddable":true,"href":"https:\/\/kistemplom.hu\/index.php\/wp-json\/wp\/v2\/users\/1"}],"replies":[{"embeddable":true,"href":"https:\/\/kistemplom.hu\/index.php\/wp-json\/wp\/v2\/comments?post=4382"}],"version-history":[{"count":5,"href":"https:\/\/kistemplom.hu\/index.php\/wp-json\/wp\/v2\/pages\/4382\/revisions"}],"predecessor-version":[{"id":4469,"href":"https:\/\/kistemplom.hu\/index.php\/wp-json\/wp\/v2\/pages\/4382\/revisions\/4469"}],"up":[{"embeddable":true,"href":"https:\/\/kistemplom.hu\/index.php\/wp-json\/wp\/v2\/pages\/138"}],"wp:featuredmedia":[{"embeddable":true,"href":"https:\/\/kistemplom.hu\/index.php\/wp-json\/wp\/v2\/media\/1001"}],"wp:attachment":[{"href":"https:\/\/kistemplom.hu\/index.php\/wp-json\/wp\/v2\/media?parent=4382"}],"curies":[{"name":"wp","href":"https:\/\/api.w.org\/{rel}","templated":true}]}}