{"id":1221,"date":"2023-09-06T22:12:45","date_gmt":"2023-09-06T20:12:45","guid":{"rendered":"https:\/\/kistemplom.dedipage.hu\/?page_id=1221"},"modified":"2026-03-24T22:10:55","modified_gmt":"2026-03-24T21:10:55","slug":"igehirdetesek","status":"publish","type":"page","link":"https:\/\/kistemplom.hu\/index.php\/igehirdetesek\/","title":{"rendered":"Igehirdet\u00e9sek"},"content":{"rendered":"<div data-colibri-id=\"1221-c1\" class=\"style-755 style-local-1221-c1 position-relative\">\n  <!---->\n  <div data-colibri-component=\"section\" data-colibri-id=\"1221-c2\" id=\"blog\" class=\"h-section h-section-global-spacing d-flex align-items-lg-center align-items-md-center align-items-center style-951 style-local-1221-c2 position-relative\">\n    <!---->\n    <!---->\n    <div class=\"h-section-grid-container h-section-boxed-container\">\n      <div data-colibri-id=\"1221-c17\" class=\"h-row-container gutters-row-lg-2 gutters-row-md-2 gutters-row-2 gutters-row-v-lg-2 gutters-row-v-md-2 gutters-row-v-2 style-964 style-local-1221-c17 position-relative\">\n        <!---->\n        <div class=\"h-row justify-content-lg-center justify-content-md-center justify-content-center align-items-lg-stretch align-items-md-stretch align-items-stretch gutters-col-lg-2 gutters-col-md-2 gutters-col-2 gutters-col-v-lg-2 gutters-col-v-md-2 gutters-col-v-2\">\n          <!---->\n          <div class=\"h-column h-column-container d-flex h-col-lg-auto h-col-md-auto h-col-auto style-965-outer style-local-1221-c18-outer\">\n            <div data-colibri-id=\"1221-c18\" class=\"d-flex h-flex-basis h-column__inner h-px-lg-2 h-px-md-2 h-px-2 v-inner-lg-2 v-inner-md-2 v-inner-2 style-965 style-local-1221-c18 position-relative\">\n              <!---->\n              <!---->\n              <div class=\"w-100 h-y-container h-column__content h-column__v-align flex-basis-100 align-self-lg-start align-self-md-start align-self-start\">\n                <!---->\n                <div data-colibri-id=\"1221-c19\" class=\"h-global-transition-all h-heading style-966 style-local-1221-c19 position-relative h-element\">\n                  <!---->\n                  <div class=\"h-heading__outer style-966 style-local-1221-c19\">\n                    <!---->\n                    <!---->\n                    <h2 class=\"\">Igehirdet\u00e9sek<\/h2>\n                  <\/div>\n                <\/div>\n                <div data-colibri-id=\"1221-c20\" class=\"h-lead h-text h-text-component style-967 style-local-1221-c20 position-relative h-element\">\n                  <!---->\n                  <!---->\n                  <div class=\"\"><\/div>\n                <\/div>\n              <\/div>\n            <\/div>\n          <\/div>\n        <\/div>\n      <\/div>\n      <div data-colibri-id=\"1221-c3\" class=\"h-row-container gutters-row-lg-0 gutters-row-md-0 gutters-row-0 gutters-row-v-lg-0 gutters-row-v-md-0 gutters-row-v-0 style-952 style-local-1221-c3 position-relative\">\n        <!---->\n        <div class=\"h-row justify-content-lg-center justify-content-md-center justify-content-center align-items-lg-stretch align-items-md-stretch align-items-stretch gutters-col-lg-0 gutters-col-md-0 gutters-col-0 gutters-col-v-lg-0 gutters-col-v-md-0 gutters-col-v-0\">\n          <!---->\n          <div class=\"h-column h-column-container d-flex h-col-lg-auto h-col-md-auto h-col-auto style-953-outer style-local-1221-c4-outer\">\n            <div data-colibri-id=\"1221-c4\" class=\"d-flex h-flex-basis h-column__inner h-px-lg-0 h-px-md-0 h-px-0 v-inner-lg-0 v-inner-md-0 v-inner-0 style-953 style-local-1221-c4 position-relative\">\n              <!---->\n              <!---->\n              <div class=\"w-100 h-y-container h-column__content h-column__v-align flex-basis-100 align-self-lg-start align-self-md-start align-self-start\">\n                <!---->\n                <div data-colibri-id=\"1221-c5\" class=\"h-row-container gutters-row-lg-2 gutters-row-md-2 gutters-row-2 gutters-row-v-lg-2 gutters-row-v-md-2 gutters-row-v-2 colibri-dynamic-list style-954 style-local-1221-c5 position-relative\">\n                  <!---->\n                  <div data-colibri-component=\"\" class=\"h-row justify-content-lg-start justify-content-md-start justify-content-start align-items-lg-stretch align-items-md-stretch align-items-stretch gutters-col-lg-2 gutters-col-md-2 gutters-col-2 gutters-col-v-lg-2 gutters-col-v-md-2 gutters-col-v-2 style-954-row style-local-1221-c5-row\">\n                    <!---->\n        <div class=\"h-column h-column-container d-flex h-col-lg-6 h-col-md-6 h-col-12 post-3118 post type-post status-publish format-standard has-post-thumbnail hentry category-istentiszteletek masonry-item style-955-outer style-local-1221-c6-outer\"><div data-colibri-id=\"1221-c6\" class=\"d-flex h-flex-basis h-column__inner h-px-lg-2 h-px-md-2 h-px-2 v-inner-lg-2 v-inner-md-2 v-inner-2 style-955 style-local-1221-c6 position-relative\"> <div class=\"w-100 h-y-container h-column__content h-column__v-align flex-basis-100 align-self-lg-start align-self-md-start align-self-start\"> <div data-href=\"https:\/\/kistemplom.hu\/index.php\/2025\/03\/25\/eronk-forrasa-feher-dezso-igehirdetese\/\" data-colibri-component=\"link\" data-colibri-id=\"1221-c7\" class=\"colibri-post-thumbnail colibri-post-has-thumbnail colibri-post-thumbnail-has-placeholder style-956 style-local-1221-c7 h-overflow-hidden position-relative h-element\"><div class=\"h-global-transition-all colibri-post-thumbnail-shortcode style-dynamic-1221-c7-height\">            <a href=\"https:\/\/kistemplom.hu\/index.php\/2025\/03\/25\/eronk-forrasa-feher-dezso-igehirdetese\/\" title=\"Er\u0151nk Forr\u00e1sa &#8211; Feh\u00e9r Dezs\u0151 igehirdet\u00e9se\">\n\t\t\t\t<img fetchpriority=\"high\" decoding=\"async\" width=\"560\" height=\"316\" src=\"https:\/\/kistemplom.hu\/wp-content\/uploads\/eronkvid.jpg\" class=\"attachment-post-thumbnail size-post-thumbnail wp-post-image\" alt=\"\" srcset=\"https:\/\/kistemplom.hu\/wp-content\/uploads\/eronkvid.jpg 560w, https:\/\/kistemplom.hu\/wp-content\/uploads\/eronkvid-300x169.jpg 300w\" sizes=\"(max-width: 560px) 100vw, 560px\" \/>            <\/a>\n\t\t\t<\/div> <div class=\"colibri-post-thumbnail-content align-items-lg-center align-items-md-center align-items-center flex-basis-100\"><div class=\"w-100 h-y-container\"> <\/div><\/div><\/div><div data-colibri-id=\"1221-c8\" class=\"h-row-container gutters-row-lg-0 gutters-row-md-0 gutters-row-0 gutters-row-v-lg-0 gutters-row-v-md-0 gutters-row-v-0 style-957 style-local-1221-c8 position-relative\"><div class=\"h-row justify-content-lg-center justify-content-md-center justify-content-center align-items-lg-stretch align-items-md-stretch align-items-stretch gutters-col-lg-0 gutters-col-md-0 gutters-col-0 gutters-col-v-lg-0 gutters-col-v-md-0 gutters-col-v-0\"> <div class=\"h-column h-column-container d-flex h-col-lg-auto h-col-md-auto h-col-auto style-958-outer style-local-1221-c9-outer\"><div data-colibri-id=\"1221-c9\" class=\"d-flex h-flex-basis h-column__inner h-px-lg-3 h-px-md-3 h-px-3 v-inner-lg-3 v-inner-md-3 v-inner-3 style-958 style-local-1221-c9 position-relative\"> <div class=\"w-100 h-y-container h-column__content h-column__v-align flex-basis-100 align-self-lg-start align-self-md-start align-self-start\"> <div data-colibri-id=\"1221-c10\" class=\"h-blog-title style-959 style-local-1221-c10 position-relative h-element\"><div class=\"h-global-transition-all\"><a href=\"https:\/\/kistemplom.hu\/index.php\/2025\/03\/25\/eronk-forrasa-feher-dezso-igehirdetese\/\"><h4 class=\"colibri-word-wrap\">Er\u0151nk Forr\u00e1sa &#8211; Feh\u00e9r Dezs\u0151 igehirdet\u00e9se<\/h4><\/a><\/div><\/div><div data-colibri-id=\"1221-c11\" class=\"h-blog-meta style-960 style-local-1221-c11 position-relative h-element\"><div class=\"metadata-item\"><span class=\"metadata-prefix\">by<\/span> <a href=\"https:\/\/kistemplom.hu\/index.php\/author\/szilagyijanos\/\">szilagyijanos<\/a> <span class=\"meta-separator\"><\/span><\/div><div class=\"metadata-item\"><span class=\"metadata-prefix\">on<\/span> <a href=\"https:\/\/kistemplom.hu\/index.php\/2025\/03\/25\/\">m\u00e1rc 25<\/a><\/div><\/div><div data-colibri-id=\"1221-c12\" class=\"style-961 style-local-1221-c12 position-relative h-element\"><div class=\"h-global-transition-all\"><div class=\"colibri-post-excerpt\"><\/div><\/div><\/div><div data-colibri-id=\"1221-c13\" class=\"h-x-container style-962 style-local-1221-c13 position-relative h-element\"><div class=\"h-x-container-inner style-dynamic-1221-c13-group\"><span class=\"h-button__outer style-963-outer style-local-1221-c14-outer d-inline-flex h-element\"><a href=\"https:\/\/kistemplom.hu\/index.php\/2025\/03\/25\/eronk-forrasa-feher-dezso-igehirdetese\/\" data-colibri-id=\"1221-c14\" class=\"d-flex w-100 align-items-center h-button justify-content-lg-center justify-content-md-center justify-content-center style-963 style-local-1221-c14 position-relative\"> <span>Read more<\/span> <span class=\"h-svg-icon h-button__icon style-963-icon style-local-1221-c14-icon\"><svg xmlns=\"http:\/\/www.w3.org\/2000\/svg\" xmlns:xlink=\"http:\/\/www.w3.org\/1999\/xlink\" id=\"arrow-right\" viewBox=\"0 0 512 545.5\"><path d=\"M299.5 140.5l136 136 11 11.5-11 11.5-136 136-23-23L385 304H64v-32h321L276.5 163.5z\"><\/path><\/svg><\/span><\/a><\/span><\/div><\/div><\/div><\/div><\/div><\/div><\/div><\/div><\/div><\/div>\n      \n      \n        <div class=\"h-column h-column-container d-flex h-col-lg-6 h-col-md-6 h-col-12 post-1226 post type-post status-publish format-standard has-post-thumbnail hentry category-istentiszteletek masonry-item style-955-outer style-local-1221-c6-outer\"><div data-colibri-id=\"1221-c6\" class=\"d-flex h-flex-basis h-column__inner h-px-lg-2 h-px-md-2 h-px-2 v-inner-lg-2 v-inner-md-2 v-inner-2 style-955 style-local-1221-c6 position-relative\"> <div class=\"w-100 h-y-container h-column__content h-column__v-align flex-basis-100 align-self-lg-start align-self-md-start align-self-start\"> <div data-href=\"https:\/\/kistemplom.hu\/index.php\/2023\/09\/06\/2023-szeptember-03-zsoldos-tibor\/\" data-colibri-component=\"link\" data-colibri-id=\"1221-c7\" class=\"colibri-post-thumbnail colibri-post-has-thumbnail colibri-post-thumbnail-has-placeholder style-956 style-local-1221-c7 h-overflow-hidden position-relative h-element\"><div class=\"h-global-transition-all colibri-post-thumbnail-shortcode style-dynamic-1221-c7-height\">            <a href=\"https:\/\/kistemplom.hu\/index.php\/2023\/09\/06\/2023-szeptember-03-zsoldos-tibor\/\" title=\"2023. szeptember 03. &#8211; Zsoldos Tibor\">\n\t\t\t\t<img decoding=\"async\" width=\"424\" height=\"432\" data-src=\"https:\/\/kistemplom.hu\/wp-content\/uploads\/2023\/05\/zst_424x432.jpg\" class=\"attachment-post-thumbnail size-post-thumbnail wp-post-image lazyload\" alt=\"\" src=\"data:image\/svg+xml;base64,PHN2ZyB3aWR0aD0iMSIgaGVpZ2h0PSIxIiB4bWxucz0iaHR0cDovL3d3dy53My5vcmcvMjAwMC9zdmciPjwvc3ZnPg==\" style=\"--smush-placeholder-width: 424px; --smush-placeholder-aspect-ratio: 424\/432;\" \/>            <\/a>\n\t\t\t<\/div> <div class=\"colibri-post-thumbnail-content align-items-lg-center align-items-md-center align-items-center flex-basis-100\"><div class=\"w-100 h-y-container\"> <\/div><\/div><\/div><div data-colibri-id=\"1221-c8\" class=\"h-row-container gutters-row-lg-0 gutters-row-md-0 gutters-row-0 gutters-row-v-lg-0 gutters-row-v-md-0 gutters-row-v-0 style-957 style-local-1221-c8 position-relative\"><div class=\"h-row justify-content-lg-center justify-content-md-center justify-content-center align-items-lg-stretch align-items-md-stretch align-items-stretch gutters-col-lg-0 gutters-col-md-0 gutters-col-0 gutters-col-v-lg-0 gutters-col-v-md-0 gutters-col-v-0\"> <div class=\"h-column h-column-container d-flex h-col-lg-auto h-col-md-auto h-col-auto style-958-outer style-local-1221-c9-outer\"><div data-colibri-id=\"1221-c9\" class=\"d-flex h-flex-basis h-column__inner h-px-lg-3 h-px-md-3 h-px-3 v-inner-lg-3 v-inner-md-3 v-inner-3 style-958 style-local-1221-c9 position-relative\"> <div class=\"w-100 h-y-container h-column__content h-column__v-align flex-basis-100 align-self-lg-start align-self-md-start align-self-start\"> <div data-colibri-id=\"1221-c10\" class=\"h-blog-title style-959 style-local-1221-c10 position-relative h-element\"><div class=\"h-global-transition-all\"><a href=\"https:\/\/kistemplom.hu\/index.php\/2023\/09\/06\/2023-szeptember-03-zsoldos-tibor\/\"><h4 class=\"colibri-word-wrap\">2023. szeptember 03. &#8211; Zsoldos Tibor<\/h4><\/a><\/div><\/div><div data-colibri-id=\"1221-c11\" class=\"h-blog-meta style-960 style-local-1221-c11 position-relative h-element\"><div class=\"metadata-item\"><span class=\"metadata-prefix\">by<\/span> <a href=\"https:\/\/kistemplom.hu\/index.php\/author\/szilagyijanos\/\">szilagyijanos<\/a> <span class=\"meta-separator\"><\/span><\/div><div class=\"metadata-item\"><span class=\"metadata-prefix\">on<\/span> <a href=\"https:\/\/kistemplom.hu\/index.php\/2023\/09\/06\/\">szept 6<\/a><\/div><\/div><div data-colibri-id=\"1221-c12\" class=\"style-961 style-local-1221-c12 position-relative h-element\"><div class=\"h-global-transition-all\"><div class=\"colibri-post-excerpt\">&#8222;Szeretettel k\u00f6sz\u00f6nt\u00f6k &#8230;&#8221;<\/div><\/div><\/div><div data-colibri-id=\"1221-c13\" class=\"h-x-container style-962 style-local-1221-c13 position-relative h-element\"><div class=\"h-x-container-inner style-dynamic-1221-c13-group\"><span class=\"h-button__outer style-963-outer style-local-1221-c14-outer d-inline-flex h-element\"><a href=\"https:\/\/kistemplom.hu\/index.php\/2023\/09\/06\/2023-szeptember-03-zsoldos-tibor\/\" data-colibri-id=\"1221-c14\" class=\"d-flex w-100 align-items-center h-button justify-content-lg-center justify-content-md-center justify-content-center style-963 style-local-1221-c14 position-relative\"> <span>Read more<\/span> <span class=\"h-svg-icon h-button__icon style-963-icon style-local-1221-c14-icon\"><svg xmlns=\"http:\/\/www.w3.org\/2000\/svg\" xmlns:xlink=\"http:\/\/www.w3.org\/1999\/xlink\" id=\"arrow-right\" viewBox=\"0 0 512 545.5\"><path d=\"M299.5 140.5l136 136 11 11.5-11 11.5-136 136-23-23L385 304H64v-32h321L276.5 163.5z\"><\/path><\/svg><\/span><\/a><\/span><\/div><\/div><\/div><\/div><\/div><\/div><\/div><\/div><\/div><\/div>\n      \n      \n                    <\/div>\n                <\/div>\n              <\/div>\n            <\/div>\n          <\/div>\n          <div class=\"h-column h-column-container d-flex h-col-lg-auto h-col-md-auto h-col-auto style-969-outer style-local-1221-c15-outer\">\n            <div data-colibri-id=\"1221-c15\" class=\"d-flex h-flex-basis h-column__inner h-px-lg-0 h-px-md-0 h-px-0 v-inner-lg-0 v-inner-md-0 v-inner-0 style-969 style-local-1221-c15 position-relative\">\n              <!---->\n              <!---->\n              <div class=\"w-100 h-y-container h-column__content h-column__v-align flex-basis-100 align-self-lg-start align-self-md-start align-self-start\">\n                <!---->\n                <div data-colibri-id=\"1221-c21\" class=\"h-text h-text-component style-1396 style-local-1221-c21 position-relative h-element\">\n                  <!---->\n                  <!---->\n                  <div class=\"\">\n                    <p><span style=\"font-weight: 600;\">2026. M\u00e1rcius 1.<\/span>&nbsp;<span style=\"font-weight: 600;\">(vas\u00e1rnap) 10 \u00f3ra<\/span>&nbsp;\n                      <br>Dr. Porkol\u00e1b Andr\u00e1s\n                      <br>\n                    <\/p>\n                    <p><span style=\"font-weight: 600;\">2026. M\u00e1rcius 8. (vas\u00e1rnap) 10 \u00f3ra<\/span>\n                      <br>Zsoldos Tibor<\/p>\n                    <p><span style=\"font-weight: 600;\">2026. M\u00e1rcius 15. (vas\u00e1rnap) 10 \u00f3ra<\/span>\n                      <br>Dr. Porkol\u00e1b Andr\u00e1s<\/p>\n                    <p><span style=\"color: rgb(64, 85, 169); font-family: Open Sans; font-size: 16px; font-weight: 600;\">2026. M\u00e1rcius 22. (vas\u00e1rnap) 10 \u00f3ra<\/span>\n                      <br><span style=\"color: rgb(64, 85, 169); font-family: Open Sans; font-size: 16px; font-weight: 400;\">Tam\u00e1s-Birinyi Lilla<\/span><\/p>\n                    <p><span style=\"color: rgb(64, 85, 169); font-family: Open Sans; font-size: 16px; font-weight: 600;\">2026. M\u00e1rcius 29. (vas\u00e1rnap) 10 \u00f3ra<\/span>\n                      <br><span style=\"font-weight: 400; font-size: 16px; font-family: Open Sans; color: rgb(64, 85, 169);\">Dr. Fekete K\u00e1roly p\u00fcsp\u00f6k<br>(Vir\u00e1gvas\u00e1rnap \u2013 \u201eKistemplom 300\u201d nyit\u00f3istentisztelet)<\/span><\/p>\n                    <p>\n                      <br>\n                    <\/p>\n                  <\/div>\n                <\/div>\n              <\/div>\n            <\/div>\n          <\/div>\n        <\/div>\n      <\/div>\n    <\/div>\n  <\/div>\n<\/div>","protected":false},"excerpt":{"rendered":"<p>Igehirdet\u00e9sek 2026. M\u00e1rcius 1.&nbsp;(vas\u00e1rnap) 10 \u00f3ra&nbsp; Dr. Porkol\u00e1b Andr\u00e1s 2026. [&hellip;]<\/p>\n","protected":false},"author":1,"featured_media":210,"parent":0,"menu_order":0,"comment_status":"closed","ping_status":"closed","template":"page-templates\/full-width-page.php","meta":{"_eb_attr":"","ngg_post_thumbnail":0,"footnotes":""},"class_list":["post-1221","page","type-page","status-publish","has-post-thumbnail","hentry"],"rttpg_featured_image_url":{"full":["https:\/\/kistemplom.hu\/wp-content\/uploads\/2023\/05\/zst_424x432.jpg",424,432,false],"landscape":["https:\/\/kistemplom.hu\/wp-content\/uploads\/2023\/05\/zst_424x432.jpg",424,432,false],"portraits":["https:\/\/kistemplom.hu\/wp-content\/uploads\/2023\/05\/zst_424x432.jpg",424,432,false],"thumbnail":["https:\/\/kistemplom.hu\/wp-content\/uploads\/2023\/05\/zst_424x432.jpg",147,150,false],"medium":["https:\/\/kistemplom.hu\/wp-content\/uploads\/2023\/05\/zst_424x432.jpg",294,300,false],"large":["https:\/\/kistemplom.hu\/wp-content\/uploads\/2023\/05\/zst_424x432.jpg",424,432,false],"1536x1536":["https:\/\/kistemplom.hu\/wp-content\/uploads\/2023\/05\/zst_424x432.jpg",424,432,false],"2048x2048":["https:\/\/kistemplom.hu\/wp-content\/uploads\/2023\/05\/zst_424x432.jpg",424,432,false]},"rttpg_author":{"display_name":"szilagyijanos","author_link":"https:\/\/kistemplom.hu\/index.php\/author\/szilagyijanos\/"},"rttpg_comment":0,"rttpg_category":"","rttpg_excerpt":"Igehirdet\u00e9sek 2026. M\u00e1rcius 1.&nbsp;(vas\u00e1rnap) 10 \u00f3ra&nbsp; Dr. Porkol\u00e1b Andr\u00e1s 2026. [&hellip;]","_links":{"self":[{"href":"https:\/\/kistemplom.hu\/index.php\/wp-json\/wp\/v2\/pages\/1221","targetHints":{"allow":["GET"]}}],"collection":[{"href":"https:\/\/kistemplom.hu\/index.php\/wp-json\/wp\/v2\/pages"}],"about":[{"href":"https:\/\/kistemplom.hu\/index.php\/wp-json\/wp\/v2\/types\/page"}],"author":[{"embeddable":true,"href":"https:\/\/kistemplom.hu\/index.php\/wp-json\/wp\/v2\/users\/1"}],"replies":[{"embeddable":true,"href":"https:\/\/kistemplom.hu\/index.php\/wp-json\/wp\/v2\/comments?post=1221"}],"version-history":[{"count":3,"href":"https:\/\/kistemplom.hu\/index.php\/wp-json\/wp\/v2\/pages\/1221\/revisions"}],"predecessor-version":[{"id":4965,"href":"https:\/\/kistemplom.hu\/index.php\/wp-json\/wp\/v2\/pages\/1221\/revisions\/4965"}],"wp:featuredmedia":[{"embeddable":true,"href":"https:\/\/kistemplom.hu\/index.php\/wp-json\/wp\/v2\/media\/210"}],"wp:attachment":[{"href":"https:\/\/kistemplom.hu\/index.php\/wp-json\/wp\/v2\/media?parent=1221"}],"curies":[{"name":"wp","href":"https:\/\/api.w.org\/{rel}","templated":true}]}}